{"id":224555387,"date":"2023-07-05T15:58:36","date_gmt":"2023-07-05T19:58:36","guid":{"rendered":"https:\/\/phonescanada.com\/?page_id=224555387"},"modified":"2025-04-15T17:27:38","modified_gmt":"2025-04-15T22:27:38","slug":"wireinfo","status":"publish","type":"page","link":"https:\/\/phonescanada.com\/fr\/about-us\/policies\/wireinfo\/","title":{"rendered":"Politique de paiement"},"content":{"rendered":"<div data-elementor-type=\"wp-page\" data-elementor-id=\"224555387\" class=\"elementor elementor-224555387\" data-elementor-post-type=\"page\">\n\t\t\t\t\t\t<section class=\"elementor-section elementor-top-section elementor-element elementor-element-4d97c5e elementor-section-full_width elementor-section-height-default elementor-section-height-default\" data-id=\"4d97c5e\" data-element_type=\"section\" data-e-type=\"section\" data-settings=\"{&quot;background_background&quot;:&quot;classic&quot;}\">\n\t\t\t\t\t\t<div class=\"elementor-container elementor-column-gap-no\">\n\t\t\t\t\t<div class=\"elementor-column elementor-col-100 elementor-top-column elementor-element elementor-element-690b60c\" data-id=\"690b60c\" data-element_type=\"column\" data-e-type=\"column\">\n\t\t\t<div class=\"elementor-widget-wrap elementor-element-populated\">\n\t\t\t\t\t\t<div class=\"elementor-element elementor-element-a31ea30 elementor-widget elementor-widget-image\" data-id=\"a31ea30\" data-element_type=\"widget\" data-e-type=\"widget\" data-widget_type=\"image.default\">\n\t\t\t\t<div class=\"elementor-widget-container\">\n\t\t\t\t\t\t\t\t\t\t\t\t\t\t\t<img fetchpriority=\"high\" decoding=\"async\" width=\"600\" height=\"266\" src=\"https:\/\/phonescanada.com\/wp-content\/uploads\/wire-policy-banner-600x266.jpg\" class=\"attachment-woocommerce_single size-woocommerce_single wp-image-224555392\" alt=\"\" srcset=\"https:\/\/phonescanada.com\/wp-content\/uploads\/\/wire-policy-banner-600x266.jpg 600w, https:\/\/phonescanada.com\/wp-content\/uploads\/\/wire-policy-banner-300x133.jpg 300w, https:\/\/phonescanada.com\/wp-content\/uploads\/\/wire-policy-banner.jpg 768w\" sizes=\"(max-width: 600px) 100vw, 600px\" \/>\t\t\t\t\t\t\t\t\t\t\t\t\t\t\t<\/div>\n\t\t\t\t<\/div>\n\t\t\t\t\t<\/div>\n\t\t<\/div>\n\t\t\t\t\t<\/div>\n\t\t<\/section>\n\t\t<div class=\"elementor-element elementor-element-b982826 e-flex e-con-boxed e-con e-parent\" data-id=\"b982826\" data-element_type=\"container\" data-e-type=\"container\">\n\t\t\t\t\t<div class=\"e-con-inner\">\n\t\t<div class=\"elementor-element elementor-element-b6f3684 e-con-full e-flex e-con e-child\" data-id=\"b6f3684\" data-element_type=\"container\" data-e-type=\"container\">\n\t\t\t\t<div class=\"elementor-element elementor-element-9342c93 elementor-widget__width-auto elementor-widget elementor-widget-shortcode\" data-id=\"9342c93\" data-element_type=\"widget\" data-e-type=\"widget\" data-widget_type=\"shortcode.default\">\n\t\t\t\t<div class=\"elementor-widget-container\">\n\t\t\t\t\t\t\t<div class=\"elementor-shortcode\"><\/div>\n\t\t\t\t\t\t<\/div>\n\t\t\t\t<\/div>\n\t\t\t\t<div class=\"elementor-element elementor-element-4834607 elementor-widget elementor-widget-heading\" data-id=\"4834607\" data-element_type=\"widget\" data-e-type=\"widget\" data-widget_type=\"heading.default\">\n\t\t\t\t<div class=\"elementor-widget-container\">\n\t\t\t\t\t<h2 class=\"elementor-heading-title elementor-size-default\">Politique de paiement<\/h2>\t\t\t\t<\/div>\n\t\t\t\t<\/div>\n\t\t\t\t<div class=\"elementor-element elementor-element-c5a77a5 elementor-widget elementor-widget-text-editor\" data-id=\"c5a77a5\" data-element_type=\"widget\" data-e-type=\"widget\" data-widget_type=\"text-editor.default\">\n\t\t\t\t<div class=\"elementor-widget-container\">\n\t\t\t\t\t\t\t\t\t<p>Chez Phones Canada, nous nous effor\u00e7ons de fournir un processus de paiement simple et fluide \u00e0 tous nos clients. Vous trouverez ci-dessous les d\u00e9tails de nos m\u00e9thodes de paiement accept\u00e9es et des proc\u00e9dures associ\u00e9es.<\/p>\n<p><strong>Moyens de paiement accept\u00e9s<\/strong><\/p>\n<ol>\n<li><strong>Virements bancaires<\/strong>:Notre principal mode de paiement pour les transactions en CAD et en USD.<\/li>\n<li><strong>Virement \u00e9lectronique (Interac)<\/strong>:Pour les paiements en CAD, vous pouvez envoyer votre paiement en toute s\u00e9curit\u00e9 via Virement Interac.<br><br><\/li>\n<\/ol>\n<p><strong>Informations sur le compte bancaire<\/strong><\/p>\n<p><span style=\"color: #ff0000;\"><strong>Pour les paiements en USD<\/strong>:<\/span><br>Veuillez utiliser les informations de compte suivantes\u00a0:<\/p>\n<p><strong>information du b\u00e9n\u00e9ficiaire<\/strong><\/p>\n<ul>\n<li><strong>Business Name<\/strong>: 13372481 Canada Inc dba Phones Canada<\/li>\n<li><strong>Business Address<\/strong>: 6110 Ordan Dr, Unit 4, Mississauga, ON L5T2B4, Canada<\/li>\n<li><strong>Business Bank Account Number<\/strong>: 240420003611<br><br><\/li>\n<\/ul>\n<p><strong>Information bancaire<\/strong><\/p>\n<ul>\n<li><strong>Nom de la banque<\/strong>: Banque de Nouvelle-\u00c9cosse<\/li>\n<li><strong>Code SWIFT \/ BIC<\/strong>:NOSCCATT<\/li>\n<li><strong>Adresse<\/strong>: 865 Britannia Rd W, Mississauga, ON L5V 2X8<br><br><\/li>\n<\/ul>\n<p><strong>Informations bancaires interm\u00e9diaires<\/strong><\/p>\n<ul>\n<li><strong>Nom de la banque interm\u00e9diaire<\/strong>: Banque d&#039;Am\u00e9rique du Nord<\/li>\n<li><strong>Code SWIFT \/ BIC<\/strong>:BOFAUS3N<\/li>\n<li><strong>Num\u00e9ro ABA<\/strong>: 026009593<\/li>\n<li><strong>Adresse<\/strong>: 222 Broadway, New York, NY 10038, \u00c9tats-Unis<\/li>\n<\/ul>\n<p><strong><br><span style=\"color: #ff0000;\">Pour les paiements en CAD<\/span><\/strong><span style=\"color: #ff0000;\">:<\/span><\/p>\n<p><strong>D\u00e9tails du virement bancaire<\/strong>:<br><strong>information du b\u00e9n\u00e9ficiaire<\/strong><\/p>\n<ul>\n<li><strong>Nom<\/strong>: 13372481 Canada Inc dba Phones Canada<br><strong>Adresse<\/strong>: 6110 Ordan Dr, Unit 4, Mississauga, ON L5T2B4, Canada<\/li>\n<li><strong>Num\u00e9ro de transit<\/strong>: : 24042<\/li>\n<li><strong>Num\u00e9ro d&#039;\u00e9tablissement<\/strong>: 002<\/li>\n<li><strong>Num\u00e9ro de compte<\/strong>: 0200417<br><br><\/li>\n<\/ul>\n<p><strong>Information bancaire<\/strong><\/p>\n<ul>\n<li><strong>Nom de la banque<\/strong>: Banque de Nouvelle-\u00c9cosse<\/li>\n<li><strong>Code SWIFT \/ BIC<\/strong>:NOSCCATT<\/li>\n<li><strong>Adresse<\/strong>: 865 Britannia Rd W, Mississauga, ON L5V 2X8<br><br><\/li>\n<\/ul>\n<p><strong>Virement Interac<\/strong>:<\/p>\n<ul>\n<li><strong>E-mail<\/strong>: <a href=\"mailto:info@phonescanada.com\" rel=\"noopener\">info@phonescanada.com<\/a><br><br><\/li>\n<\/ul>\n<p><strong>Remarques importantes<\/strong><\/p>\n<ul>\n<li><strong>Frais bancaires<\/strong>:Les \u00e9ventuels frais bancaires encourus lors du processus de virement bancaire sont \u00e0 la charge de l&#039;acheteur.<\/li>\n<li><strong>Instructions pour le virement \u00e9lectronique<\/strong>: Assurez-vous que le paiement est envoy\u00e9 \u00e0 <strong><a href=\"mailto:info@phonescanada.com\" rel=\"noopener\">info@phonescanada.com<\/a><\/strong> avec les d\u00e9tails de commande corrects dans le champ de message pour un traitement pr\u00e9cis.<\/li>\n<li><strong>Questions sur le paiement<\/strong>:Pour obtenir de l&#039;aide concernant le processus de paiement, veuillez contacter notre repr\u00e9sentant des comptes clients au <a href=\"mailto:info@phonescanada.com\"><strong>info@phonescanada.com<\/strong><\/a>.<br><br><\/li>\n<\/ul>\n<p><strong>Ex\u00e9cution des commandes et exp\u00e9dition<\/strong><\/p>\n<ul>\n<li>Une fois le paiement confirm\u00e9, notre service d&#039;exp\u00e9dition commencera \u00e0 pr\u00e9parer votre commande.<\/li>\n<li>Les acheteurs recevront des informations d&#039;exp\u00e9dition d\u00e9taill\u00e9es, y compris le poids, les dimensions et tout d\u00e9tail suppl\u00e9mentaire n\u00e9cessaire \u00e0 l&#039;exp\u00e9dition.<\/li>\n<\/ul>\n<p>Pour toute demande concernant l&#039;exp\u00e9dition, veuillez contacter notre service d&#039;exp\u00e9dition au <strong><a href=\"mailto:shipping@phonescanada.com\" rel=\"noopener\">shipping@phonescanada.com<\/a><\/strong>.<\/p>\t\t\t\t\t\t\t\t<\/div>\n\t\t\t\t<\/div>\n\t\t\t\t<div class=\"elementor-element elementor-element-29ff8a1 elementor-widget-divider--view-line elementor-widget elementor-widget-divider\" data-id=\"29ff8a1\" data-element_type=\"widget\" data-e-type=\"widget\" data-widget_type=\"divider.default\">\n\t\t\t\t<div class=\"elementor-widget-container\">\n\t\t\t\t\t\t\t<div class=\"elementor-divider\">\n\t\t\t<span class=\"elementor-divider-separator\">\n\t\t\t\t\t\t<\/span>\n\t\t<\/div>\n\t\t\t\t\t\t<\/div>\n\t\t\t\t<\/div>\n\t\t\t\t<div class=\"elementor-element elementor-element-3286b65 elementor-widget elementor-widget-text-editor\" data-id=\"3286b65\" data-element_type=\"widget\" data-e-type=\"widget\" data-widget_type=\"text-editor.default\">\n\t\t\t\t<div class=\"elementor-widget-container\">\n\t\t\t\t\t\t\t\t\t<p><strong>Derni\u00e8re mise \u00e0 jour le 10 janvier 2025<\/strong><\/p><h4>FAISONS-NOUS DES MISES \u00c0 JOUR \u00c0 CET AVIS\u00a0?<\/h4><p>En bref\u00a0: Oui, nous mettrons \u00e0 jour cet avis si n\u00e9cessaire pour rester en conformit\u00e9 avec les lois en vigueur.<\/p><p>Nous pouvons mettre \u00e0 jour cette politique de temps \u00e0 autre. La version mise \u00e0 jour sera indiqu\u00e9e par une date de mise \u00e0 jour \u00ab R\u00e9vis\u00e9e \u00bb et la version mise \u00e0 jour entrera en vigueur d\u00e8s qu&#039;elle sera accessible. Si nous apportons des modifications importantes \u00e0 cette politique, nous pouvons vous en informer soit en affichant bien en vue un avis de ces modifications, soit en vous envoyant directement une notification. Nous vous encourageons \u00e0 consulter fr\u00e9quemment cet avis de confidentialit\u00e9 pour \u00eatre inform\u00e9 de la mani\u00e8re dont nous prot\u00e9geons vos informations.<\/p><h4>COMMENT POUVEZ-VOUS NOUS CONTACTER AU SUJET DE CET AVIS\u00a0?<\/h4><p>Si vous avez des questions ou des commentaires concernant cet avis, vous pouvez nous envoyer un courriel \u00e0 <a href=\"mailto:info@phonescanada.com\">info@phonescanada.com<\/a> ou par courrier \u00e0 :<\/p><p><span style=\"font-weight: bolder;\">T\u00e9l\u00e9phones Canada<\/span><br \/>6110 Ordan Dr, unit\u00e9 4 Mississauga, ON L6T 2B4, Canada<\/p>\t\t\t\t\t\t\t\t<\/div>\n\t\t\t\t<\/div>\n\t\t\t\t<\/div>\n\t\t\t\t\t<\/div>\n\t\t\t\t<\/div>\n\t\t\t\t<\/div>","protected":false},"excerpt":{"rendered":"<p>Payment Policy At Phones Canada, we strive to provide a smooth and straightforward payment process for all our customers. Below are the details of our accepted payment methods and related procedures. Accepted Payment Methods Wire Transfers: Our primary payment method for both CAD and USD transactions. E-Transfer (Interac): For CAD payments, you can send your [&hellip;]<\/p>\n","protected":false},"author":9,"featured_media":0,"parent":224559338,"menu_order":4,"comment_status":"closed","ping_status":"closed","template":"","meta":{"footnotes":""},"class_list":["post-224555387","page","type-page","status-publish","hentry"],"_links":{"self":[{"href":"https:\/\/phonescanada.com\/fr\/wp-json\/wp\/v2\/pages\/224555387","targetHints":{"allow":["GET"]}}],"collection":[{"href":"https:\/\/phonescanada.com\/fr\/wp-json\/wp\/v2\/pages"}],"about":[{"href":"https:\/\/phonescanada.com\/fr\/wp-json\/wp\/v2\/types\/page"}],"author":[{"embeddable":true,"href":"https:\/\/phonescanada.com\/fr\/wp-json\/wp\/v2\/users\/9"}],"replies":[{"embeddable":true,"href":"https:\/\/phonescanada.com\/fr\/wp-json\/wp\/v2\/comments?post=224555387"}],"version-history":[{"count":0,"href":"https:\/\/phonescanada.com\/fr\/wp-json\/wp\/v2\/pages\/224555387\/revisions"}],"up":[{"embeddable":true,"href":"https:\/\/phonescanada.com\/fr\/wp-json\/wp\/v2\/pages\/224559338"}],"wp:attachment":[{"href":"https:\/\/phonescanada.com\/fr\/wp-json\/wp\/v2\/media?parent=224555387"}],"curies":[{"name":"wp","href":"https:\/\/api.w.org\/{rel}","templated":true}]}}