{"id":224558784,"date":"2023-07-19T17:20:09","date_gmt":"2023-07-19T21:20:09","guid":{"rendered":"https:\/\/phonescanada.com\/?page_id=224558784"},"modified":"2025-10-29T06:18:40","modified_gmt":"2025-10-29T10:18:40","slug":"certifications-awards","status":"publish","type":"page","link":"https:\/\/phonescanada.com\/fr\/about-us\/certifications-awards\/","title":{"rendered":"Certifications et r\u00e9compenses"},"content":{"rendered":"<div data-elementor-type=\"wp-page\" data-elementor-id=\"224558784\" class=\"elementor elementor-224558784\" data-elementor-post-type=\"page\">\n\t\t\t\t<div class=\"elementor-element elementor-element-1ad23d2 e-flex e-con-boxed e-con e-parent\" data-id=\"1ad23d2\" data-element_type=\"container\" data-e-type=\"container\">\n\t\t\t\t\t<div class=\"e-con-inner\">\n\t\t<div class=\"elementor-element elementor-element-49e36b1 e-con-full e-flex e-con e-child\" data-id=\"49e36b1\" data-element_type=\"container\" data-e-type=\"container\">\n\t\t\t\t<div class=\"elementor-element elementor-element-0eb86eb elementor-widget__width-auto elementor-widget elementor-widget-shortcode\" data-id=\"0eb86eb\" data-element_type=\"widget\" data-e-type=\"widget\" data-widget_type=\"shortcode.default\">\n\t\t\t\t<div class=\"elementor-widget-container\">\n\t\t\t\t\t\t\t<div class=\"elementor-shortcode\"><\/div>\n\t\t\t\t\t\t<\/div>\n\t\t\t\t<\/div>\n\t\t\t\t<div class=\"elementor-element elementor-element-ff9dcf7 elementor-widget elementor-widget-text-editor\" data-id=\"ff9dcf7\" data-element_type=\"widget\" data-e-type=\"widget\" data-widget_type=\"text-editor.default\">\n\t\t\t\t<div class=\"elementor-widget-container\">\n\t\t\t\t\t\t\t\t\t<h2>Nos certifications et r\u00e9compenses<\/h2><p>Chez Phones Canada, notre engagement envers la qualit\u00e9 et l&#039;int\u00e9grit\u00e9 est soutenu par un ensemble solide de certifications, d&#039;outils et de normes qui guident nos processus et services. Nos certifications et r\u00e9alisations soulignent notre engagement \u00e0 fournir des appareils et accessoires mobiles fiables et de haute qualit\u00e9.<\/p>\t\t\t\t\t\t\t\t<\/div>\n\t\t\t\t<\/div>\n\t\t<div class=\"elementor-element elementor-element-2ab026e e-grid e-con-boxed e-con e-child\" data-id=\"2ab026e\" data-element_type=\"container\" data-e-type=\"container\">\n\t\t\t\t\t<div class=\"e-con-inner\">\n\t\t\t\t<div class=\"elementor-element elementor-element-70f7b5f elementor-position-top elementor-widget elementor-widget-image-box\" data-id=\"70f7b5f\" data-element_type=\"widget\" data-e-type=\"widget\" data-widget_type=\"image-box.default\">\n\t\t\t\t<div class=\"elementor-widget-container\">\n\t\t\t\t\t<div class=\"elementor-image-box-wrapper\"><figure class=\"elementor-image-box-img\"><img decoding=\"async\" width=\"250\" height=\"125\" data-src=\"https:\/\/phonescanada.com\/wp-content\/uploads\/test-soft.png\" class=\"attachment-full size-full wp-image-224558816 lazyload\" alt=\"\" src=\"data:image\/svg+xml;base64,PHN2ZyB3aWR0aD0iMSIgaGVpZ2h0PSIxIiB4bWxucz0iaHR0cDovL3d3dy53My5vcmcvMjAwMC9zdmciPjwvc3ZnPg==\" style=\"--smush-placeholder-width: 250px; --smush-placeholder-aspect-ratio: 250\/125;\" \/><\/figure><div class=\"elementor-image-box-content\"><h3 class=\"elementor-image-box-title\">Outils de test de pointe<\/h3><p class=\"elementor-image-box-description\">Nous utilisons des solutions logicielles de pointe telles que <a href=\"https:\/\/nsysgroup.com\/\" target=\"_blank\">Outils NSYS<\/a> et <a href=\"https:\/\/www.phonecheck.com\/\" target=\"_blank\">V\u00e9rification t\u00e9l\u00e9phonique<\/a> pour des tests complets et pr\u00e9cis des appareils. Notre protocole de test rigoureux garantit que chaque appareil que nous traitons r\u00e9pond \u00e0 des normes de qualit\u00e9 \u00e9lev\u00e9es.<\/p><\/div><\/div>\t\t\t\t<\/div>\n\t\t\t\t<\/div>\n\t\t\t\t<div class=\"elementor-element elementor-element-5733565 elementor-position-top elementor-widget elementor-widget-image-box\" data-id=\"5733565\" data-element_type=\"widget\" data-e-type=\"widget\" data-widget_type=\"image-box.default\">\n\t\t\t\t<div class=\"elementor-widget-container\">\n\t\t\t\t\t<div class=\"elementor-image-box-wrapper\"><figure class=\"elementor-image-box-img\"><img decoding=\"async\" width=\"125\" height=\"125\" data-src=\"https:\/\/phonescanada.com\/wp-content\/uploads\/2021\/01\/adisa-ac.png\" class=\"attachment-full size-full wp-image-4977 lazyload\" alt=\"\" data-srcset=\"https:\/\/phonescanada.com\/wp-content\/uploads\/2021\/01\/adisa-ac.png 125w, https:\/\/phonescanada.com\/wp-content\/uploads\/2021\/01\/adisa-ac-100x100.png 100w\" data-sizes=\"auto\" src=\"data:image\/svg+xml;base64,PHN2ZyB3aWR0aD0iMSIgaGVpZ2h0PSIxIiB4bWxucz0iaHR0cDovL3d3dy53My5vcmcvMjAwMC9zdmciPjwvc3ZnPg==\" style=\"--smush-placeholder-width: 125px; --smush-placeholder-aspect-ratio: 125\/125;\" data-original-sizes=\"(max-width: 125px) 100vw, 125px\" \/><\/figure><div class=\"elementor-image-box-content\"><h3 class=\"elementor-image-box-title\">Effacement des donn\u00e9es standard ADISA<\/h3><p class=\"elementor-image-box-description\">Nous accordons la priorit\u00e9 \u00e0 la confidentialit\u00e9 et \u00e0 la s\u00e9curit\u00e9 des donn\u00e9es. Tous nos appareils trait\u00e9s sont soumis \u00e0 un effacement approfondi des donn\u00e9es conform\u00e9ment au <a href=\"https:\/\/adisa.global\/\" target=\"_blank\">ADISA<\/a> standard, prot\u00e9geant vos informations personnelles contre les violations potentielles.<\/p><\/div><\/div>\t\t\t\t<\/div>\n\t\t\t\t<\/div>\n\t\t\t\t<div class=\"elementor-element elementor-element-4c6f4ae elementor-position-top elementor-widget elementor-widget-image-box\" data-id=\"4c6f4ae\" data-element_type=\"widget\" data-e-type=\"widget\" data-widget_type=\"image-box.default\">\n\t\t\t\t<div class=\"elementor-widget-container\">\n\t\t\t\t\t<div class=\"elementor-image-box-wrapper\"><figure class=\"elementor-image-box-img\"><img decoding=\"async\" width=\"125\" height=\"125\" data-src=\"https:\/\/phonescanada.com\/wp-content\/uploads\/2021\/01\/R2-AC.png\" class=\"attachment-full size-full wp-image-4976 lazyload\" alt=\"\" data-srcset=\"https:\/\/phonescanada.com\/wp-content\/uploads\/2021\/01\/R2-AC.png 125w, https:\/\/phonescanada.com\/wp-content\/uploads\/2021\/01\/R2-AC-100x100.png 100w\" data-sizes=\"auto\" src=\"data:image\/svg+xml;base64,PHN2ZyB3aWR0aD0iMSIgaGVpZ2h0PSIxIiB4bWxucz0iaHR0cDovL3d3dy53My5vcmcvMjAwMC9zdmciPjwvc3ZnPg==\" style=\"--smush-placeholder-width: 125px; --smush-placeholder-aspect-ratio: 125\/125;\" data-original-sizes=\"(max-width: 125px) 100vw, 125px\" \/><\/figure><div class=\"elementor-image-box-content\"><h3 class=\"elementor-image-box-title\">Fournisseurs certifi\u00e9s R2<\/h3><p class=\"elementor-image-box-description\">Nous achetons nos appareils uniquement aupr\u00e8s de <a href=\"https:\/\/sustainableelectronics.org\/\" target=\"_blank\">Certifi\u00e9 R2<\/a> fournisseurs, ce qui signifie que vous avez la garantie d&#039;un \u00e9quipement recycl\u00e9 et g\u00e9r\u00e9 de mani\u00e8re responsable. Notre association avec des fournisseurs certifi\u00e9s R2 souligne notre engagement envers la responsabilit\u00e9 environnementale et les pratiques commerciales durables.<\/p><\/div><\/div>\t\t\t\t<\/div>\n\t\t\t\t<\/div>\n\t\t\t\t<div class=\"elementor-element elementor-element-f999d0f elementor-position-top elementor-widget elementor-widget-image-box\" data-id=\"f999d0f\" data-element_type=\"widget\" data-e-type=\"widget\" data-widget_type=\"image-box.default\">\n\t\t\t\t<div class=\"elementor-widget-container\">\n\t\t\t\t\t<div class=\"elementor-image-box-wrapper\"><figure class=\"elementor-image-box-img\"><img decoding=\"async\" width=\"125\" height=\"125\" data-src=\"https:\/\/phonescanada.com\/wp-content\/uploads\/2021\/01\/shipping-insurred.png\" class=\"attachment-full size-full wp-image-4979 lazyload\" alt=\"\" data-srcset=\"https:\/\/phonescanada.com\/wp-content\/uploads\/2021\/01\/shipping-insurred.png 125w, https:\/\/phonescanada.com\/wp-content\/uploads\/2021\/01\/shipping-insurred-100x100.png 100w\" data-sizes=\"auto\" src=\"data:image\/svg+xml;base64,PHN2ZyB3aWR0aD0iMSIgaGVpZ2h0PSIxIiB4bWxucz0iaHR0cDovL3d3dy53My5vcmcvMjAwMC9zdmciPjwvc3ZnPg==\" style=\"--smush-placeholder-width: 125px; --smush-placeholder-aspect-ratio: 125\/125;\" data-original-sizes=\"(max-width: 125px) 100vw, 125px\" \/><\/figure><div class=\"elementor-image-box-content\"><h3 class=\"elementor-image-box-title\">Envois enti\u00e8rement assur\u00e9s<\/h3><p class=\"elementor-image-box-description\">Nous assumons la responsabilit\u00e9 de tous nos envois, offrant une couverture d&#039;assurance compl\u00e8te \u00e0 moins qu&#039;un client ne se d\u00e9sengage. De cette fa\u00e7on, nous garantissons que vos commandes vous parviennent en toute s\u00e9curit\u00e9 et en toute tranquillit\u00e9 d&#039;esprit.<\/p><\/div><\/div>\t\t\t\t<\/div>\n\t\t\t\t<\/div>\n\t\t\t\t<div class=\"elementor-element elementor-element-e5f9b7f elementor-position-top elementor-widget elementor-widget-image-box\" data-id=\"e5f9b7f\" data-element_type=\"widget\" data-e-type=\"widget\" data-widget_type=\"image-box.default\">\n\t\t\t\t<div class=\"elementor-widget-container\">\n\t\t\t\t\t<div class=\"elementor-image-box-wrapper\"><figure class=\"elementor-image-box-img\"><img decoding=\"async\" width=\"108\" height=\"108\" data-src=\"https:\/\/phonescanada.com\/wp-content\/uploads\/2020\/10\/90-day-exchange-badge.png\" class=\"attachment-full size-full wp-image-3480 lazyload\" alt=\"\" data-srcset=\"https:\/\/phonescanada.com\/wp-content\/uploads\/2020\/10\/90-day-exchange-badge.png 108w, https:\/\/phonescanada.com\/wp-content\/uploads\/2020\/10\/90-day-exchange-badge-100x100.png 100w\" data-sizes=\"auto\" src=\"data:image\/svg+xml;base64,PHN2ZyB3aWR0aD0iMSIgaGVpZ2h0PSIxIiB4bWxucz0iaHR0cDovL3d3dy53My5vcmcvMjAwMC9zdmciPjwvc3ZnPg==\" style=\"--smush-placeholder-width: 108px; --smush-placeholder-aspect-ratio: 108\/108;\" data-original-sizes=\"(max-width: 108px) 100vw, 108px\" \/><\/figure><div class=\"elementor-image-box-content\"><h3 class=\"elementor-image-box-title\">Garantie \u00e0 vie limit\u00e9e<\/h3><p class=\"elementor-image-box-description\">Nous garantissons la durabilit\u00e9 et la fiabilit\u00e9 de nos produits. Nos c\u00e2bles de donn\u00e9es b\u00e9n\u00e9ficient d&#039;une garantie \u00e0 vie limit\u00e9e (des restrictions s&#039;appliquent). Pour plus d&#039;informations sur notre garantie et comment la r\u00e9clamer, veuillez visiter notre <a href=\"https:\/\/buy.phonescanada.com\/warranty-policy\">Politique de garantie<\/a> page.<\/p><\/div><\/div>\t\t\t\t<\/div>\n\t\t\t\t<\/div>\n\t\t\t\t<div class=\"elementor-element elementor-element-a2b2381 elementor-position-top elementor-widget elementor-widget-image-box\" data-id=\"a2b2381\" data-element_type=\"widget\" data-e-type=\"widget\" data-widget_type=\"image-box.default\">\n\t\t\t\t<div class=\"elementor-widget-container\">\n\t\t\t\t\t<div class=\"elementor-image-box-wrapper\"><figure class=\"elementor-image-box-img\"><img decoding=\"async\" width=\"173\" height=\"108\" data-src=\"https:\/\/phonescanada.com\/wp-content\/uploads\/iso-e1689805680321.png\" class=\"attachment-full size-full wp-image-224558817 lazyload\" alt=\"\" src=\"data:image\/svg+xml;base64,PHN2ZyB3aWR0aD0iMSIgaGVpZ2h0PSIxIiB4bWxucz0iaHR0cDovL3d3dy53My5vcmcvMjAwMC9zdmciPjwvc3ZnPg==\" style=\"--smush-placeholder-width: 173px; --smush-placeholder-aspect-ratio: 173\/108;\" \/><\/figure><div class=\"elementor-image-box-content\"><h3 class=\"elementor-image-box-title\">Certifications futures<\/h3><p class=\"elementor-image-box-description\">Nous \u00e9levons continuellement nos normes op\u00e9rationnelles et sommes actuellement en train d&#039;acqu\u00e9rir les certifications ISO 14001 et RIOS. Notre qu\u00eate de ces certifications prestigieuses t\u00e9moigne de notre engagement envers la gestion de l&#039;environnement et les normes de qualit\u00e9 les plus \u00e9lev\u00e9es.<\/p><\/div><\/div>\t\t\t\t<\/div>\n\t\t\t\t<\/div>\n\t\t\t\t\t<\/div>\n\t\t\t\t<\/div>\n\t\t\t\t<\/div>\n\t\t\t\t\t<\/div>\n\t\t\t\t<\/div>\n\t\t\t\t<\/div>","protected":false},"excerpt":{"rendered":"<p>Our Certifications &amp; Awards At Phones Canada, our commitment to quality and integrity is underpinned by a robust set of certifications, tools, and standards that guide our processes and services. Our certifications and accomplishments highlight our dedication to providing high-quality, reliable mobile devices and accessories. Industry-Leading Testing Tools We utilize leading software solutions like NSYS [&hellip;]<\/p>\n","protected":false},"author":9,"featured_media":0,"parent":224757147,"menu_order":7,"comment_status":"closed","ping_status":"closed","template":"","meta":{"footnotes":""},"class_list":["post-224558784","page","type-page","status-publish","hentry"],"_links":{"self":[{"href":"https:\/\/phonescanada.com\/fr\/wp-json\/wp\/v2\/pages\/224558784","targetHints":{"allow":["GET"]}}],"collection":[{"href":"https:\/\/phonescanada.com\/fr\/wp-json\/wp\/v2\/pages"}],"about":[{"href":"https:\/\/phonescanada.com\/fr\/wp-json\/wp\/v2\/types\/page"}],"author":[{"embeddable":true,"href":"https:\/\/phonescanada.com\/fr\/wp-json\/wp\/v2\/users\/9"}],"replies":[{"embeddable":true,"href":"https:\/\/phonescanada.com\/fr\/wp-json\/wp\/v2\/comments?post=224558784"}],"version-history":[{"count":0,"href":"https:\/\/phonescanada.com\/fr\/wp-json\/wp\/v2\/pages\/224558784\/revisions"}],"up":[{"embeddable":true,"href":"https:\/\/phonescanada.com\/fr\/wp-json\/wp\/v2\/pages\/224757147"}],"wp:attachment":[{"href":"https:\/\/phonescanada.com\/fr\/wp-json\/wp\/v2\/media?parent=224558784"}],"curies":[{"name":"wp","href":"https:\/\/api.w.org\/{rel}","templated":true}]}}