{"id":224558880,"date":"2023-07-19T19:30:06","date_gmt":"2023-07-19T23:30:06","guid":{"rendered":"https:\/\/phonescanada.com\/?page_id=224558880"},"modified":"2024-11-20T05:56:59","modified_gmt":"2024-11-20T10:56:59","slug":"corporate-responsibility","status":"publish","type":"page","link":"https:\/\/phonescanada.com\/fr\/about-us\/environmental-commitment\/corporate-responsibility\/","title":{"rendered":"La responsabilit\u00e9 des entreprises"},"content":{"rendered":"<div data-elementor-type=\"wp-page\" data-elementor-id=\"224558880\" class=\"elementor elementor-224558880\" data-elementor-post-type=\"page\">\n\t\t\t\t<div class=\"elementor-element elementor-element-a633ac7 e-flex e-con-boxed e-con e-parent\" data-id=\"a633ac7\" data-element_type=\"container\" data-e-type=\"container\">\n\t\t\t\t\t<div class=\"e-con-inner\">\n\t\t<div class=\"elementor-element elementor-element-2563b14 e-con-full e-flex e-con e-child\" data-id=\"2563b14\" data-element_type=\"container\" data-e-type=\"container\">\n\t\t\t\t<div class=\"elementor-element elementor-element-3046abc elementor-widget__width-auto elementor-widget elementor-widget-shortcode\" data-id=\"3046abc\" data-element_type=\"widget\" data-e-type=\"widget\" data-widget_type=\"shortcode.default\">\n\t\t\t\t<div class=\"elementor-widget-container\">\n\t\t\t\t\t\t\t<div class=\"elementor-shortcode\"><\/div>\n\t\t\t\t\t\t<\/div>\n\t\t\t\t<\/div>\n\t\t\t\t<div class=\"elementor-element elementor-element-d9865d6 elementor-widget elementor-widget-heading\" data-id=\"d9865d6\" data-element_type=\"widget\" data-e-type=\"widget\" data-widget_type=\"heading.default\">\n\t\t\t\t<div class=\"elementor-widget-container\">\n\t\t\t\t\t<h1 class=\"elementor-heading-title elementor-size-default\">La responsabilit\u00e9 des entreprises<\/h1>\t\t\t\t<\/div>\n\t\t\t\t<\/div>\n\t\t\t\t<div class=\"elementor-element elementor-element-13eb704 elementor-widget elementor-widget-text-editor\" data-id=\"13eb704\" data-element_type=\"widget\" data-e-type=\"widget\" data-widget_type=\"text-editor.default\">\n\t\t\t\t<div class=\"elementor-widget-container\">\n\t\t\t\t\t\t\t\t\t<p>Chez Phones Canada, nous inscrivons la responsabilit\u00e9 d\u2019entreprise dans le tissu m\u00eame de notre mod\u00e8le d\u2019affaires. Conscients des implications consid\u00e9rables de nos op\u00e9rations, nous nous effor\u00e7ons d\u2019avoir un impact positif sur la soci\u00e9t\u00e9. L&#039;accent que nous mettons sur l&#039;approvisionnement \u00e9thique, le bien-\u00eatre de notre main-d&#039;\u0153uvre, la confidentialit\u00e9 des donn\u00e9es et la durabilit\u00e9 environnementale garantit que nos actions s&#039;alignent sur notre philosophie d&#039;entreprise.<\/p><h3>Approvisionnement \u00e9thique<\/h3><p>Notre partenariat avec les fournisseurs certifi\u00e9s R2 refl\u00e8te notre engagement envers un approvisionnement \u00e9thique. Cette certification, reconnue mondialement, implique que nos fournisseurs adh\u00e8rent \u00e0 des normes strictes en mati\u00e8re de protection de l&#039;environnement, de sant\u00e9 et s\u00e9curit\u00e9 des travailleurs et de s\u00e9curit\u00e9 des donn\u00e9es. Ce faisant, nous garantissons que nos appareils sont de la plus haute qualit\u00e9 et proviennent de sources responsables.<\/p><h3>Bien-\u00eatre de la main-d&#039;\u0153uvre<\/h3><p>Nous consid\u00e9rons notre personnel comme une famille \u2013 un atout indispensable \u00e0 notre entreprise. En nous effor\u00e7ant de cr\u00e9er un environnement de travail stimulant, inclusif et s\u00fbr, nous accordons la priorit\u00e9 au bien-\u00eatre de nos employ\u00e9s. Notre r\u00e9mun\u00e9ration comp\u00e9titive, nos avantages sociaux complets et nos opportunit\u00e9s de croissance professionnelle t\u00e9moignent de notre engagement envers le bien-\u00eatre des employ\u00e9s.<\/p><h3>Confidentialit\u00e9 des donn\u00e9es<\/h3><p>La confidentialit\u00e9 des donn\u00e9es est primordiale pour nous. Chaque appareil que nous remettons \u00e0 neuf est soumis \u00e0 un effacement des donn\u00e9es standard ADISA, garantissant que toutes les donn\u00e9es r\u00e9siduelles sont effac\u00e9es, pr\u00e9servant ainsi la confidentialit\u00e9 de nos clients. Nous respectons \u00e9galement toutes les l\u00e9gislations pertinentes en mati\u00e8re de protection des donn\u00e9es pour offrir \u00e0 nos clients une tranquillit\u00e9 d&#039;esprit dans leurs relations avec nous.<\/p><h3>La durabilit\u00e9 environnementale<\/h3><p>Notre engagement profond en faveur de la durabilit\u00e9 environnementale r\u00e9sonne dans nos actions. En remettant \u00e0 neuf et en recyclant les appareils, nous minimisons les d\u00e9chets \u00e9lectroniques et favorisons la long\u00e9vit\u00e9 de la technologie. Notre objectif d\u2019obtenir les certifications ISO 14001 et RIOS amplifie notre engagement en faveur d\u2019un recyclage responsable et d\u2019une gestion environnementale efficace. Pour chaque appareil que nous vendons, nous plantons un arbre, d\u00e9montrant ainsi notre participation directe aux efforts mondiaux de reforestation.<\/p><p>Chez Phones Canada, la responsabilit\u00e9 d&#039;entreprise transcende le domaine des affaires \u2013 elle d\u00e9finit qui nous sommes. \u00c0 mesure que nous grandissons, nous restons in\u00e9branlables dans notre engagement \u00e0 maintenir et \u00e0 \u00e9lever ces normes.<\/p>\t\t\t\t\t\t\t\t<\/div>\n\t\t\t\t<\/div>\n\t\t\t\t<\/div>\n\t\t\t\t\t<\/div>\n\t\t\t\t<\/div>\n\t\t<div class=\"elementor-element elementor-element-b9b8c76 e-flex e-con-boxed e-con e-parent\" data-id=\"b9b8c76\" data-element_type=\"container\" data-e-type=\"container\" data-settings=\"{&quot;background_background&quot;:&quot;classic&quot;}\">\n\t\t\t\t\t<div class=\"e-con-inner\">\n\t\t<div class=\"elementor-element elementor-element-f0f4ed4 e-con-full e-flex e-con e-child\" data-id=\"f0f4ed4\" data-element_type=\"container\" data-e-type=\"container\">\n\t\t\t\t<div class=\"elementor-element elementor-element-8a77e98 elementor-widget elementor-widget-heading\" data-id=\"8a77e98\" data-element_type=\"widget\" data-e-type=\"widget\" data-widget_type=\"heading.default\">\n\t\t\t\t<div class=\"elementor-widget-container\">\n\t\t\t\t\t<h3 class=\"elementor-heading-title elementor-size-default\">Rejoignez-nous dans notre mission<\/h3>\t\t\t\t<\/div>\n\t\t\t\t<\/div>\n\t\t\t\t<div class=\"elementor-element elementor-element-0e38652 elementor-widget elementor-widget-text-editor\" data-id=\"0e38652\" data-element_type=\"widget\" data-e-type=\"widget\" data-widget_type=\"text-editor.default\">\n\t\t\t\t<div class=\"elementor-widget-container\">\n\t\t\t\t\t\t\t\t\t<p>Nous vous invitons \u00e0 contribuer \u00e0 notre mission environnementale. Lorsqu&#039;il est temps de mettre \u00e0 niveau votre appareil, pensez \u00e0 nous envoyer votre ancien appareil. Nous veillerons \u00e0 ce qu&#039;il soit remis \u00e0 neuf pour une utilisation continue ou recycl\u00e9 de mani\u00e8re responsable, en gardant les d\u00e9chets \u00e9lectroniques nocifs hors de nos d\u00e9charges. Ensemble, nous pouvons faire une diff\u00e9rence significative.<\/p>\t\t\t\t\t\t\t\t<\/div>\n\t\t\t\t<\/div>\n\t\t\t\t<div class=\"elementor-element elementor-element-2af3669 elementor-widget elementor-widget-button\" data-id=\"2af3669\" data-element_type=\"widget\" data-e-type=\"widget\" data-widget_type=\"button.default\">\n\t\t\t\t<div class=\"elementor-widget-container\">\n\t\t\t\t\t\t\t\t\t<div class=\"elementor-button-wrapper\">\n\t\t\t\t\t<a class=\"elementor-button elementor-button-link elementor-size-sm\" href=\"https:\/\/phonescanada.com\/fr\/services\/recycle-device\/\">\n\t\t\t\t\t\t<span class=\"elementor-button-content-wrapper\">\n\t\t\t\t\t\t\t\t\t<span class=\"elementor-button-text\">Recyclez votre appareil<\/span>\n\t\t\t\t\t<\/span>\n\t\t\t\t\t<\/a>\n\t\t\t\t<\/div>\n\t\t\t\t\t\t\t\t<\/div>\n\t\t\t\t<\/div>\n\t\t\t\t<\/div>\n\t\t<div class=\"elementor-element elementor-element-df843b7 e-con-full e-flex e-con e-child\" data-id=\"df843b7\" data-element_type=\"container\" data-e-type=\"container\">\n\t\t\t\t<\/div>\n\t\t\t\t\t<\/div>\n\t\t\t\t<\/div>\n\t\t\t\t<section class=\"elementor-section elementor-top-section elementor-element elementor-element-f7274b2 elementor-section-boxed elementor-section-height-default elementor-section-height-default\" data-id=\"f7274b2\" data-element_type=\"section\" data-e-type=\"section\">\n\t\t\t\t\t\t<div class=\"elementor-container elementor-column-gap-default\">\n\t\t\t\t\t<div class=\"elementor-column elementor-col-33 elementor-top-column elementor-element elementor-element-b724a9b\" data-id=\"b724a9b\" data-element_type=\"column\" data-e-type=\"column\">\n\t\t\t<div class=\"elementor-widget-wrap elementor-element-populated\">\n\t\t\t\t\t\t<div class=\"elementor-element elementor-element-0589c48 elementor-widget elementor-widget-image\" data-id=\"0589c48\" data-element_type=\"widget\" data-e-type=\"widget\" data-widget_type=\"image.default\">\n\t\t\t\t<div class=\"elementor-widget-container\">\n\t\t\t\t\t\t\t\t\t\t\t\t\t\t\t\t<a href=\"https:\/\/phonescanada.com\/fr\/extending-end-of-life-for-devices\/\">\n\t\t\t\t\t\t\t<img fetchpriority=\"high\" decoding=\"async\" width=\"1200\" height=\"900\" src=\"https:\/\/phonescanada.com\/wp-content\/uploads\/2020\/11\/endoflife.jpg\" class=\"attachment-full size-full wp-image-4582\" alt=\"\" srcset=\"https:\/\/phonescanada.com\/wp-content\/uploads\/2020\/11\/endoflife.jpg 1200w, https:\/\/phonescanada.com\/wp-content\/uploads\/2020\/11\/endoflife-600x450.jpg 600w, https:\/\/phonescanada.com\/wp-content\/uploads\/2020\/11\/endoflife-300x225.jpg 300w, https:\/\/phonescanada.com\/wp-content\/uploads\/2020\/11\/endoflife-1024x768.jpg 1024w, https:\/\/phonescanada.com\/wp-content\/uploads\/2020\/11\/endoflife-768x576.jpg 768w, https:\/\/phonescanada.com\/wp-content\/uploads\/2020\/11\/endoflife-209x157.jpg 209w\" sizes=\"(max-width: 1200px) 100vw, 1200px\" \/>\t\t\t\t\t\t\t\t<\/a>\n\t\t\t\t\t\t\t\t\t\t\t\t\t\t\t<\/div>\n\t\t\t\t<\/div>\n\t\t\t\t<div class=\"elementor-element elementor-element-f056308 elementor-widget elementor-widget-heading\" data-id=\"f056308\" data-element_type=\"widget\" data-e-type=\"widget\" data-widget_type=\"heading.default\">\n\t\t\t\t<div class=\"elementor-widget-container\">\n\t\t\t\t\t<h3 class=\"elementor-heading-title elementor-size-default\"><a href=\"https:\/\/phonescanada.com\/fr\/extending-end-of-life-for-devices\/\">Prolonger la fin de vie des appareils<\/a><\/h3>\t\t\t\t<\/div>\n\t\t\t\t<\/div>\n\t\t\t\t<div class=\"elementor-element elementor-element-5c587d5 elementor-widget elementor-widget-text-editor\" data-id=\"5c587d5\" data-element_type=\"widget\" data-e-type=\"widget\" data-widget_type=\"text-editor.default\">\n\t\t\t\t<div class=\"elementor-widget-container\">\n\t\t\t\t\t\t\t\t\t<p>Nous disposons des meilleures pratiques en mati\u00e8re de fabrication. Nous nous effor\u00e7ons d&#039;obtenir la plus haute qualit\u00e9 afin de tirer le meilleur parti des appareils recycl\u00e9s.<\/p>\t\t\t\t\t\t\t\t<\/div>\n\t\t\t\t<\/div>\n\t\t\t\t<div class=\"elementor-element elementor-element-f12d12b elementor-widget elementor-widget-button\" data-id=\"f12d12b\" data-element_type=\"widget\" data-e-type=\"widget\" data-widget_type=\"button.default\">\n\t\t\t\t<div class=\"elementor-widget-container\">\n\t\t\t\t\t\t\t\t\t<div class=\"elementor-button-wrapper\">\n\t\t\t\t\t<a class=\"elementor-button elementor-button-link elementor-size-sm\" href=\"https:\/\/phonescanada.com\/fr\/extending-end-of-life-for-devices\/\">\n\t\t\t\t\t\t<span class=\"elementor-button-content-wrapper\">\n\t\t\t\t\t\t\t\t\t<span class=\"elementor-button-text\">En savoir plus<\/span>\n\t\t\t\t\t<\/span>\n\t\t\t\t\t<\/a>\n\t\t\t\t<\/div>\n\t\t\t\t\t\t\t\t<\/div>\n\t\t\t\t<\/div>\n\t\t\t\t\t<\/div>\n\t\t<\/div>\n\t\t\t\t<div class=\"elementor-column elementor-col-33 elementor-top-column elementor-element elementor-element-bb933a2\" data-id=\"bb933a2\" data-element_type=\"column\" data-e-type=\"column\">\n\t\t\t<div class=\"elementor-widget-wrap elementor-element-populated\">\n\t\t\t\t\t\t<div class=\"elementor-element elementor-element-c928d90 elementor-widget elementor-widget-image\" data-id=\"c928d90\" data-element_type=\"widget\" data-e-type=\"widget\" data-widget_type=\"image.default\">\n\t\t\t\t<div class=\"elementor-widget-container\">\n\t\t\t\t\t\t\t\t\t\t\t\t\t\t\t\t<a href=\"https:\/\/phonescanada.com\/fr\/adopting-a-gorilla-every-month\/\">\n\t\t\t\t\t\t\t<img decoding=\"async\" width=\"1200\" height=\"900\" data-src=\"https:\/\/phonescanada.com\/wp-content\/uploads\/2020\/11\/gorilla.jpg\" class=\"attachment-full size-full wp-image-4583 lazyload\" alt=\"\" data-srcset=\"https:\/\/phonescanada.com\/wp-content\/uploads\/2020\/11\/gorilla.jpg 1200w, https:\/\/phonescanada.com\/wp-content\/uploads\/2020\/11\/gorilla-600x450.jpg 600w, https:\/\/phonescanada.com\/wp-content\/uploads\/2020\/11\/gorilla-300x225.jpg 300w, https:\/\/phonescanada.com\/wp-content\/uploads\/2020\/11\/gorilla-1024x768.jpg 1024w, https:\/\/phonescanada.com\/wp-content\/uploads\/2020\/11\/gorilla-768x576.jpg 768w, https:\/\/phonescanada.com\/wp-content\/uploads\/2020\/11\/gorilla-209x157.jpg 209w\" data-sizes=\"auto\" src=\"data:image\/svg+xml;base64,PHN2ZyB3aWR0aD0iMSIgaGVpZ2h0PSIxIiB4bWxucz0iaHR0cDovL3d3dy53My5vcmcvMjAwMC9zdmciPjwvc3ZnPg==\" style=\"--smush-placeholder-width: 1200px; --smush-placeholder-aspect-ratio: 1200\/900;\" data-original-sizes=\"(max-width: 1200px) 100vw, 1200px\" \/>\t\t\t\t\t\t\t\t<\/a>\n\t\t\t\t\t\t\t\t\t\t\t\t\t\t\t<\/div>\n\t\t\t\t<\/div>\n\t\t\t\t<div class=\"elementor-element elementor-element-b936c79 elementor-widget elementor-widget-heading\" data-id=\"b936c79\" data-element_type=\"widget\" data-e-type=\"widget\" data-widget_type=\"heading.default\">\n\t\t\t\t<div class=\"elementor-widget-container\">\n\t\t\t\t\t<h3 class=\"elementor-heading-title elementor-size-default\"><a href=\"https:\/\/phonescanada.com\/fr\/adopting-a-gorilla-every-month\/\">Adopter un gorille chaque mois<\/a><\/h3>\t\t\t\t<\/div>\n\t\t\t\t<\/div>\n\t\t\t\t<div class=\"elementor-element elementor-element-e578db2 elementor-widget elementor-widget-text-editor\" data-id=\"e578db2\" data-element_type=\"widget\" data-e-type=\"widget\" data-widget_type=\"text-editor.default\">\n\t\t\t\t<div class=\"elementor-widget-container\">\n\t\t\t\t\t\t\t\t\t<p>Apr\u00e8s avoir pris connaissance de l\u2019impact des smartphones sur les gorilles, nous avons d\u00e9cid\u00e9, en tant qu\u2019entreprise, d\u2019en adopter un pour chaque mois d\u2019activit\u00e9.<\/p>\t\t\t\t\t\t\t\t<\/div>\n\t\t\t\t<\/div>\n\t\t\t\t<div class=\"elementor-element elementor-element-e9c2616 elementor-widget elementor-widget-button\" data-id=\"e9c2616\" data-element_type=\"widget\" data-e-type=\"widget\" data-widget_type=\"button.default\">\n\t\t\t\t<div class=\"elementor-widget-container\">\n\t\t\t\t\t\t\t\t\t<div class=\"elementor-button-wrapper\">\n\t\t\t\t\t<a class=\"elementor-button elementor-button-link elementor-size-sm\" href=\"https:\/\/phonescanada.com\/fr\/adopting-a-gorilla-every-month\/\">\n\t\t\t\t\t\t<span class=\"elementor-button-content-wrapper\">\n\t\t\t\t\t\t\t\t\t<span class=\"elementor-button-text\">En savoir plus<\/span>\n\t\t\t\t\t<\/span>\n\t\t\t\t\t<\/a>\n\t\t\t\t<\/div>\n\t\t\t\t\t\t\t\t<\/div>\n\t\t\t\t<\/div>\n\t\t\t\t\t<\/div>\n\t\t<\/div>\n\t\t\t\t<div class=\"elementor-column elementor-col-33 elementor-top-column elementor-element elementor-element-ff9a57e\" data-id=\"ff9a57e\" data-element_type=\"column\" data-e-type=\"column\">\n\t\t\t<div class=\"elementor-widget-wrap elementor-element-populated\">\n\t\t\t\t\t\t<div class=\"elementor-element elementor-element-7750e8c elementor-widget elementor-widget-image\" data-id=\"7750e8c\" data-element_type=\"widget\" data-e-type=\"widget\" data-widget_type=\"image.default\">\n\t\t\t\t<div class=\"elementor-widget-container\">\n\t\t\t\t\t\t\t\t\t\t\t\t\t\t\t\t<a href=\"https:\/\/phonescanada.com\/fr\/tree-planted-for-every-device-sold\/\">\n\t\t\t\t\t\t\t<img decoding=\"async\" width=\"1200\" height=\"900\" data-src=\"https:\/\/phonescanada.com\/wp-content\/uploads\/2020\/11\/tree.jpg\" class=\"attachment-full size-full wp-image-4584 lazyload\" alt=\"\" data-srcset=\"https:\/\/phonescanada.com\/wp-content\/uploads\/2020\/11\/tree.jpg 1200w, https:\/\/phonescanada.com\/wp-content\/uploads\/2020\/11\/tree-600x450.jpg 600w, https:\/\/phonescanada.com\/wp-content\/uploads\/2020\/11\/tree-300x225.jpg 300w, https:\/\/phonescanada.com\/wp-content\/uploads\/2020\/11\/tree-1024x768.jpg 1024w, https:\/\/phonescanada.com\/wp-content\/uploads\/2020\/11\/tree-768x576.jpg 768w, https:\/\/phonescanada.com\/wp-content\/uploads\/2020\/11\/tree-209x157.jpg 209w\" data-sizes=\"auto\" src=\"data:image\/svg+xml;base64,PHN2ZyB3aWR0aD0iMSIgaGVpZ2h0PSIxIiB4bWxucz0iaHR0cDovL3d3dy53My5vcmcvMjAwMC9zdmciPjwvc3ZnPg==\" style=\"--smush-placeholder-width: 1200px; --smush-placeholder-aspect-ratio: 1200\/900;\" data-original-sizes=\"(max-width: 1200px) 100vw, 1200px\" \/>\t\t\t\t\t\t\t\t<\/a>\n\t\t\t\t\t\t\t\t\t\t\t\t\t\t\t<\/div>\n\t\t\t\t<\/div>\n\t\t\t\t<div class=\"elementor-element elementor-element-7baf4fe elementor-widget elementor-widget-heading\" data-id=\"7baf4fe\" data-element_type=\"widget\" data-e-type=\"widget\" data-widget_type=\"heading.default\">\n\t\t\t\t<div class=\"elementor-widget-container\">\n\t\t\t\t\t<h3 class=\"elementor-heading-title elementor-size-default\"><a href=\"https:\/\/phonescanada.com\/fr\/tree-planted-for-every-device-sold\/\">Arbre plant\u00e9 pour chaque appareil vendu<\/a><\/h3>\t\t\t\t<\/div>\n\t\t\t\t<\/div>\n\t\t\t\t<div class=\"elementor-element elementor-element-1f14b82 elementor-widget elementor-widget-text-editor\" data-id=\"1f14b82\" data-element_type=\"widget\" data-e-type=\"widget\" data-widget_type=\"text-editor.default\">\n\t\t\t\t<div class=\"elementor-widget-container\">\n\t\t\t\t\t\t\t\t\t<p>Gardant \u00e0 l\u2019esprit l\u2019impact sur notre environnement, nous avons d\u00e9cid\u00e9 de compenser notre empreinte carbone en plantant un arbre pour chaque t\u00e9l\u00e9phone que nous vendons.<\/p>\t\t\t\t\t\t\t\t<\/div>\n\t\t\t\t<\/div>\n\t\t\t\t<div class=\"elementor-element elementor-element-a00e598 elementor-widget elementor-widget-button\" data-id=\"a00e598\" data-element_type=\"widget\" data-e-type=\"widget\" data-widget_type=\"button.default\">\n\t\t\t\t<div class=\"elementor-widget-container\">\n\t\t\t\t\t\t\t\t\t<div class=\"elementor-button-wrapper\">\n\t\t\t\t\t<a class=\"elementor-button elementor-button-link elementor-size-sm\" href=\"https:\/\/phonescanada.com\/fr\/tree-planted-for-every-device-sold\/\">\n\t\t\t\t\t\t<span class=\"elementor-button-content-wrapper\">\n\t\t\t\t\t\t\t\t\t<span class=\"elementor-button-text\">En savoir plus<\/span>\n\t\t\t\t\t<\/span>\n\t\t\t\t\t<\/a>\n\t\t\t\t<\/div>\n\t\t\t\t\t\t\t\t<\/div>\n\t\t\t\t<\/div>\n\t\t\t\t\t<\/div>\n\t\t<\/div>\n\t\t\t\t\t<\/div>\n\t\t<\/section>\n\t\t\t\t<\/div>","protected":false},"excerpt":{"rendered":"<p>Corporate Responsibility At Phones Canada, we embed corporate responsibility within the very fabric of our business model. Recognizing the far-reaching implications of our operations, we strive for a positive impact on society. Our focus on ethical sourcing, the well-being of our workforce, data privacy, and environmental sustainability ensures our actions align with our corporate ethos. [&hellip;]<\/p>\n","protected":false},"author":9,"featured_media":0,"parent":3937,"menu_order":2,"comment_status":"closed","ping_status":"closed","template":"","meta":{"footnotes":""},"class_list":["post-224558880","page","type-page","status-publish","hentry"],"_links":{"self":[{"href":"https:\/\/phonescanada.com\/fr\/wp-json\/wp\/v2\/pages\/224558880","targetHints":{"allow":["GET"]}}],"collection":[{"href":"https:\/\/phonescanada.com\/fr\/wp-json\/wp\/v2\/pages"}],"about":[{"href":"https:\/\/phonescanada.com\/fr\/wp-json\/wp\/v2\/types\/page"}],"author":[{"embeddable":true,"href":"https:\/\/phonescanada.com\/fr\/wp-json\/wp\/v2\/users\/9"}],"replies":[{"embeddable":true,"href":"https:\/\/phonescanada.com\/fr\/wp-json\/wp\/v2\/comments?post=224558880"}],"version-history":[{"count":0,"href":"https:\/\/phonescanada.com\/fr\/wp-json\/wp\/v2\/pages\/224558880\/revisions"}],"up":[{"embeddable":true,"href":"https:\/\/phonescanada.com\/fr\/wp-json\/wp\/v2\/pages\/3937"}],"wp:attachment":[{"href":"https:\/\/phonescanada.com\/fr\/wp-json\/wp\/v2\/media?parent=224558880"}],"curies":[{"name":"wp","href":"https:\/\/api.w.org\/{rel}","templated":true}]}}