{"id":224558882,"date":"2023-07-19T19:30:11","date_gmt":"2023-07-19T23:30:11","guid":{"rendered":"https:\/\/phonescanada.com\/?page_id=224558882"},"modified":"2024-11-20T05:57:18","modified_gmt":"2024-11-20T10:57:18","slug":"careers","status":"publish","type":"page","link":"https:\/\/phonescanada.com\/fr\/about-us\/careers\/","title":{"rendered":"Carri\u00e8res"},"content":{"rendered":"<div data-elementor-type=\"wp-page\" data-elementor-id=\"224558882\" class=\"elementor elementor-224558882\" data-elementor-post-type=\"page\">\n\t\t\t\t<div class=\"elementor-element elementor-element-1cfd3e1 e-flex e-con-boxed e-con e-parent\" data-id=\"1cfd3e1\" data-element_type=\"container\" data-e-type=\"container\">\n\t\t\t\t\t<div class=\"e-con-inner\">\n\t\t<div class=\"elementor-element elementor-element-5b2f32a e-flex e-con-boxed e-con e-child\" data-id=\"5b2f32a\" data-element_type=\"container\" data-e-type=\"container\">\n\t\t\t\t\t<div class=\"e-con-inner\">\n\t\t\t\t<div class=\"elementor-element elementor-element-3e252f1 elementor-widget__width-auto elementor-widget elementor-widget-shortcode\" data-id=\"3e252f1\" data-element_type=\"widget\" data-e-type=\"widget\" data-widget_type=\"shortcode.default\">\n\t\t\t\t<div class=\"elementor-widget-container\">\n\t\t\t\t\t\t\t<div class=\"elementor-shortcode\"><\/div>\n\t\t\t\t\t\t<\/div>\n\t\t\t\t<\/div>\n\t\t\t\t<div class=\"elementor-element elementor-element-719bf38 elementor-widget elementor-widget-heading\" data-id=\"719bf38\" data-element_type=\"widget\" data-e-type=\"widget\" data-widget_type=\"heading.default\">\n\t\t\t\t<div class=\"elementor-widget-container\">\n\t\t\t\t\t<h2 class=\"elementor-heading-title elementor-size-default\">Carri\u00e8res chez Phones Canada<\/h2>\t\t\t\t<\/div>\n\t\t\t\t<\/div>\n\t\t\t\t<div class=\"elementor-element elementor-element-6b69777 elementor-widget elementor-widget-text-editor\" data-id=\"6b69777\" data-element_type=\"widget\" data-e-type=\"widget\" data-widget_type=\"text-editor.default\">\n\t\t\t\t<div class=\"elementor-widget-container\">\n\t\t\t\t\t\t\t\t\t<p>Rejoignez notre \u00e9quipe et contribuez \u00e0 fa\u00e7onner l\u2019avenir de la technologie mobile.<\/p><h3>Pourquoi T\u00e9l\u00e9phones Canada?<\/h3><p>Chez Phones Canada, nous croyons en un monde connect\u00e9 gr\u00e2ce \u00e0 la technologie. Nous recherchons des personnes passionn\u00e9es par la technologie mobile et enthousiastes \u00e0 l&#039;id\u00e9e d&#039;apporter des solutions innovantes \u00e0 nos clients.<\/p><h3>Postes ouverts:<\/h3>\t\t\t\t\t\t\t\t<\/div>\n\t\t\t\t<\/div>\n\t\t<div class=\"elementor-element elementor-element-b300bdd e-grid e-con-boxed e-con e-child\" data-id=\"b300bdd\" data-element_type=\"container\" data-e-type=\"container\">\n\t\t\t\t\t<div class=\"e-con-inner\">\n\t\t\t\t<div class=\"elementor-element elementor-element-010a366 elementor-widget elementor-widget-text-editor\" data-id=\"010a366\" data-element_type=\"widget\" data-e-type=\"widget\" data-widget_type=\"text-editor.default\">\n\t\t\t\t<div class=\"elementor-widget-container\">\n\t\t\t\t\t\t\t\t\t<h3><del><\/del>Analyste de donn\u00e9es<\/h3><p>Analysez et interpr\u00e9tez des donn\u00e9es complexes pour aider \u00e0 \u00e9clairer les d\u00e9cisions commerciales.<\/p><p><a href=\"mailto:info@phonescanada.com\">Appliquer maintenant<\/a><\/p>\t\t\t\t\t\t\t\t<\/div>\n\t\t\t\t<\/div>\n\t\t\t\t<div class=\"elementor-element elementor-element-c886001 elementor-widget elementor-widget-text-editor\" data-id=\"c886001\" data-element_type=\"widget\" data-e-type=\"widget\" data-widget_type=\"text-editor.default\">\n\t\t\t\t<div class=\"elementor-widget-container\">\n\t\t\t\t\t\t\t\t\t<h3>Technicien en appareils mobiles<\/h3><p>R\u00e9parer et entretenir une vari\u00e9t\u00e9 d&#039;appareils mobiles.<\/p><p><a href=\"mailto:info@phonescanada.com\">Appliquer maintenant<\/a><\/p>\t\t\t\t\t\t\t\t<\/div>\n\t\t\t\t<\/div>\n\t\t\t\t<div class=\"elementor-element elementor-element-af75adb elementor-widget elementor-widget-text-editor\" data-id=\"af75adb\" data-element_type=\"widget\" data-e-type=\"widget\" data-widget_type=\"text-editor.default\">\n\t\t\t\t<div class=\"elementor-widget-container\">\n\t\t\t\t\t\t\t\t\t<h3>Customer Service<\/h3><p>Fournir un service client de premier ordre \u00e0 nos pr\u00e9cieux clients.<\/p><p><a href=\"mailto:info@phonescanada.com\">Appliquer maintenant<\/a><\/p>\t\t\t\t\t\t\t\t<\/div>\n\t\t\t\t<\/div>\n\t\t\t\t\t<\/div>\n\t\t\t\t<\/div>\n\t\t\t\t<div class=\"elementor-element elementor-element-6dbde84 elementor-widget-divider--view-line elementor-widget elementor-widget-divider\" data-id=\"6dbde84\" data-element_type=\"widget\" data-e-type=\"widget\" data-widget_type=\"divider.default\">\n\t\t\t\t<div class=\"elementor-widget-container\">\n\t\t\t\t\t\t\t<div class=\"elementor-divider\">\n\t\t\t<span class=\"elementor-divider-separator\">\n\t\t\t\t\t\t<\/span>\n\t\t<\/div>\n\t\t\t\t\t\t<\/div>\n\t\t\t\t<\/div>\n\t\t\t\t<div class=\"elementor-element elementor-element-3fe4052 elementor-widget elementor-widget-text-editor\" data-id=\"3fe4052\" data-element_type=\"widget\" data-e-type=\"widget\" data-widget_type=\"text-editor.default\">\n\t\t\t\t<div class=\"elementor-widget-container\">\n\t\t\t\t\t\t\t\t\t<p>Vous ne trouvez pas de r\u00f4le qui vous convient ? Envoyez-nous votre CV \u00e0 <a href=\"mailto:info@phonescanada.com\">info@phonescanada.com<\/a>, et nous vous contacterons si un poste appropri\u00e9 devient disponible.<\/p>\t\t\t\t\t\t\t\t<\/div>\n\t\t\t\t<\/div>\n\t\t\t\t\t<\/div>\n\t\t\t\t<\/div>\n\t\t\t\t\t<\/div>\n\t\t\t\t<\/div>\n\t\t\t\t<\/div>","protected":false},"excerpt":{"rendered":"<p>Careers at Phones Canada Join our team and help shape the future of mobile technology. Why Phones Canada? At Phones Canada, we believe in a world connected through technology. We&#8217;re looking for people who are passionate about mobile technology and excited to bring innovative solutions to our customers. Open Positions: Data Analyst Analyze and interpret [&hellip;]<\/p>\n","protected":false},"author":9,"featured_media":0,"parent":224757147,"menu_order":6,"comment_status":"closed","ping_status":"closed","template":"","meta":{"footnotes":""},"class_list":["post-224558882","page","type-page","status-publish","hentry"],"_links":{"self":[{"href":"https:\/\/phonescanada.com\/fr\/wp-json\/wp\/v2\/pages\/224558882","targetHints":{"allow":["GET"]}}],"collection":[{"href":"https:\/\/phonescanada.com\/fr\/wp-json\/wp\/v2\/pages"}],"about":[{"href":"https:\/\/phonescanada.com\/fr\/wp-json\/wp\/v2\/types\/page"}],"author":[{"embeddable":true,"href":"https:\/\/phonescanada.com\/fr\/wp-json\/wp\/v2\/users\/9"}],"replies":[{"embeddable":true,"href":"https:\/\/phonescanada.com\/fr\/wp-json\/wp\/v2\/comments?post=224558882"}],"version-history":[{"count":0,"href":"https:\/\/phonescanada.com\/fr\/wp-json\/wp\/v2\/pages\/224558882\/revisions"}],"up":[{"embeddable":true,"href":"https:\/\/phonescanada.com\/fr\/wp-json\/wp\/v2\/pages\/224757147"}],"wp:attachment":[{"href":"https:\/\/phonescanada.com\/fr\/wp-json\/wp\/v2\/media?parent=224558882"}],"curies":[{"name":"wp","href":"https:\/\/api.w.org\/{rel}","templated":true}]}}