{"id":224559338,"date":"2023-07-21T13:10:55","date_gmt":"2023-07-21T17:10:55","guid":{"rendered":"https:\/\/phonescanada.com\/?page_id=224559338"},"modified":"2025-10-29T06:34:06","modified_gmt":"2025-10-29T10:34:06","slug":"policies","status":"publish","type":"page","link":"https:\/\/phonescanada.com\/fr\/about-us\/policies\/","title":{"rendered":"Strat\u00e9gies"},"content":{"rendered":"<div data-elementor-type=\"wp-page\" data-elementor-id=\"224559338\" class=\"elementor elementor-224559338\" data-elementor-post-type=\"page\">\n\t\t\t\t<div class=\"elementor-element elementor-element-60847e4 e-flex e-con-boxed e-con e-parent\" data-id=\"60847e4\" data-element_type=\"container\" data-e-type=\"container\">\n\t\t\t\t\t<div class=\"e-con-inner\">\n\t\t\t\t<div class=\"elementor-element elementor-element-87ee01d elementor-widget elementor-widget-shortcode\" data-id=\"87ee01d\" data-element_type=\"widget\" data-e-type=\"widget\" data-widget_type=\"shortcode.default\">\n\t\t\t\t<div class=\"elementor-widget-container\">\n\t\t\t\t\t\t\t<div class=\"elementor-shortcode\"><\/div>\n\t\t\t\t\t\t<\/div>\n\t\t\t\t<\/div>\n\t\t\t\t<div class=\"elementor-element elementor-element-81239b1 elementor-widget elementor-widget-heading\" data-id=\"81239b1\" data-element_type=\"widget\" data-e-type=\"widget\" data-widget_type=\"heading.default\">\n\t\t\t\t<div class=\"elementor-widget-container\">\n\t\t\t\t\t<h2 class=\"elementor-heading-title elementor-size-default\">Strat\u00e9gies<\/h2>\t\t\t\t<\/div>\n\t\t\t\t<\/div>\n\t\t\t\t<div class=\"elementor-element elementor-element-4ccdbd6 elementor-widget elementor-widget-text-editor\" data-id=\"4ccdbd6\" data-element_type=\"widget\" data-e-type=\"widget\" data-widget_type=\"text-editor.default\">\n\t\t\t\t<div class=\"elementor-widget-container\">\n\t\t\t\t\t\t\t\t\t<p>Chez Phones Canada, nous sommes fiers de notre engagement envers la transparence et la satisfaction du client. Voici nos politiques con\u00e7ues pour prot\u00e9ger et apporter de la valeur \u00e0 nos clients.<\/p><h4><a href=\"https:\/\/phonescanada.com\/fr\/polices\/auction-policy\/\">Politique d&#039;ench\u00e8res<\/a><\/h4><p>Cette politique fournit des directives d\u00e9taill\u00e9es pour participer \u00e0 nos ench\u00e8res, y compris les r\u00e8gles d&#039;ench\u00e8res, les d\u00e9lais de paiement et la mani\u00e8re dont les gains des ench\u00e8res sont trait\u00e9s et exp\u00e9di\u00e9s. <a href=\"https:\/\/phonescanada.com\/fr\/polices\/auction-policy\/\">En savoir plus sur la politique d&#039;ench\u00e8res<\/a><\/p><h4><a href=\"https:\/\/buy.phonescanada.com\/grading-guide\">Guide de notation<\/a><\/h4><p><a href=\"https:\/\/buy.phonescanada.com\/grading-guide\">Consultez notre guide de classification des appareils.<\/a><\/p><h4><a href=\"https:\/\/buy.phonescanada.com\/privacy-policy\">politique de confidentialit\u00e9<\/a><\/h4><p>Chez Phones Canada, nous nous engageons \u00e0 prot\u00e9ger votre vie priv\u00e9e. En particulier en ce qui concerne le traitement des donn\u00e9es de l&#039;appareil, nous garantissons que toutes les donn\u00e9es personnelles sont compl\u00e8tement effac\u00e9es de l&#039;appareil conform\u00e9ment aux processus d&#039;effacement des donn\u00e9es standard ADISA. Nous utilisons nos propres outils ainsi que les outils NSYS et le logiciel PhoneCheck pour garantir que toutes les donn\u00e9es personnelles sont supprim\u00e9es de l&#039;appareil. Pour plus de d\u00e9tails, <a href=\"https:\/\/buy.phonescanada.com\/privacy-policy\">En savoir plus sur la politique de confidentialit\u00e9<\/a>.<\/p><h4><a href=\"https:\/\/buy.phonescanada.com\/returns\">Politique de r\u00e9clamation, de retour et de remboursement<\/a><\/h4><p>D\u00e9couvrez comment lancer des r\u00e9clamations pour des articles d\u00e9fectueux, l&#039;\u00e9ligibilit\u00e9 aux retours, les frais de r\u00e9approvisionnement et les d\u00e9lais de traitement des remboursements pour les achats aux ench\u00e8res et en stock. <a href=\"https:\/\/buy.phonescanada.com\/returns\">En savoir plus sur les r\u00e9clamations, les retours et la politique de remboursement<\/a><\/p><h4><a href=\"https:\/\/buy.phonescanada.com\/shipping-info\">Politique d&#039;exp\u00e9dition<\/a><\/h4><p>Informez-vous sur nos conditions d&#039;exp\u00e9dition pour les gains d&#039;ench\u00e8res et les achats de stocks, y compris les options de r\u00e9exp\u00e9dition, la couverture d&#039;assurance et les responsabilit\u00e9s de l&#039;acheteur en mati\u00e8re de douanes et d&#039;\u00e9tiquettes d&#039;exp\u00e9dition. En savoir plus sur la politique d&#039;exp\u00e9dition<\/p><h4><a href=\"https:\/\/phonescanada.com\/fr\/about-us\/policies\/wireinfo\/\">Politique de paiement<\/a><\/h4><p>Notre principale m\u00e9thode de paiement est le virement bancaire. Nous acceptons les paiements en dollars canadiens (CAD) et en dollars am\u00e9ricains (USD). <a href=\"https:\/\/phonescanada.com\/fr\/about-us\/policies\/wireinfo\/\">En savoir plus sur la politique de paiement.<\/a><\/p><h4><a href=\"https:\/\/buy.phonescanada.com\/terms-of-service\">Termes et conditions<\/a><\/h4><p>Nos conditions g\u00e9n\u00e9rales d\u00e9crivent les r\u00e8gles d&#039;utilisation des services de Phones Canada, y compris les ench\u00e8res et les achats de stocks. D\u00e9couvrez les frais, les modalit\u00e9s de paiement, le d\u00e9verrouillage des appareils et les responsabilit\u00e9s de l&#039;acheteur. <a href=\"https:\/\/buy.phonescanada.com\/terms-of-service\">En savoir plus sur les conditions g\u00e9n\u00e9rales<\/a><\/p><h3><span style=\"font-size: 16px;\">Nous appr\u00e9cions votre compr\u00e9hension et votre coop\u00e9ration avec nos politiques alors que nous nous effor\u00e7ons d&#039;offrir les meilleurs services et produits. Si vous avez des questions, n&#039;h\u00e9sitez pas \u00e0 nous contacter par email \u00e0 <\/span><a style=\"font-size: 16px;\" href=\"mailto:info@phonescanada.com\">info@phonescanada.com<\/a><span style=\"font-size: 16px;\">.<\/span><\/h3>\t\t\t\t\t\t\t\t<\/div>\n\t\t\t\t<\/div>\n\t\t\t\t\t<\/div>\n\t\t\t\t<\/div>\n\t\t\t\t<\/div>","protected":false},"excerpt":{"rendered":"<p>Policies At Phones Canada, we pride ourselves on our commitment to transparency and customer satisfaction. Here are our policies designed to protect and provide value to our customers. Auction Policy This policy provides detailed guidelines for participating in our auctions, including bidding rules, payment deadlines, and how auction winnings are handled and shipped. Read More [&hellip;]<\/p>\n","protected":false},"author":9,"featured_media":0,"parent":224757147,"menu_order":11,"comment_status":"closed","ping_status":"closed","template":"","meta":{"footnotes":""},"class_list":["post-224559338","page","type-page","status-publish","hentry"],"_links":{"self":[{"href":"https:\/\/phonescanada.com\/fr\/wp-json\/wp\/v2\/pages\/224559338","targetHints":{"allow":["GET"]}}],"collection":[{"href":"https:\/\/phonescanada.com\/fr\/wp-json\/wp\/v2\/pages"}],"about":[{"href":"https:\/\/phonescanada.com\/fr\/wp-json\/wp\/v2\/types\/page"}],"author":[{"embeddable":true,"href":"https:\/\/phonescanada.com\/fr\/wp-json\/wp\/v2\/users\/9"}],"replies":[{"embeddable":true,"href":"https:\/\/phonescanada.com\/fr\/wp-json\/wp\/v2\/comments?post=224559338"}],"version-history":[{"count":0,"href":"https:\/\/phonescanada.com\/fr\/wp-json\/wp\/v2\/pages\/224559338\/revisions"}],"up":[{"embeddable":true,"href":"https:\/\/phonescanada.com\/fr\/wp-json\/wp\/v2\/pages\/224757147"}],"wp:attachment":[{"href":"https:\/\/phonescanada.com\/fr\/wp-json\/wp\/v2\/media?parent=224559338"}],"curies":[{"name":"wp","href":"https:\/\/api.w.org\/{rel}","templated":true}]}}