{"id":224620607,"date":"2023-08-26T14:20:50","date_gmt":"2023-08-26T18:20:50","guid":{"rendered":"https:\/\/phonescanada.com\/?page_id=224620607"},"modified":"2025-01-11T09:16:49","modified_gmt":"2025-01-11T14:16:49","slug":"auction-policy","status":"publish","type":"page","link":"https:\/\/phonescanada.com\/fr\/about-us\/policies\/auction-policy\/","title":{"rendered":"Politique d&#039;ench\u00e8res"},"content":{"rendered":"<div data-elementor-type=\"wp-page\" data-elementor-id=\"224620607\" class=\"elementor elementor-224620607\" data-elementor-post-type=\"page\">\n\t\t\t\t\t\t<section class=\"elementor-section elementor-top-section elementor-element elementor-element-f15d06a elementor-section-full_width elementor-section-height-default elementor-section-height-default\" data-id=\"f15d06a\" data-element_type=\"section\" data-e-type=\"section\" data-settings=\"{&quot;background_background&quot;:&quot;classic&quot;}\">\n\t\t\t\t\t\t<div class=\"elementor-container elementor-column-gap-no\">\n\t\t\t\t\t<div class=\"elementor-column elementor-col-100 elementor-top-column elementor-element elementor-element-63639cb\" data-id=\"63639cb\" data-element_type=\"column\" data-e-type=\"column\">\n\t\t\t<div class=\"elementor-widget-wrap elementor-element-populated\">\n\t\t\t\t\t\t<div class=\"elementor-element elementor-element-8c3b643 elementor-widget elementor-widget-image\" data-id=\"8c3b643\" data-element_type=\"widget\" data-e-type=\"widget\" data-widget_type=\"image.default\">\n\t\t\t\t<div class=\"elementor-widget-container\">\n\t\t\t\t\t\t\t\t\t\t\t\t\t\t\t<img fetchpriority=\"high\" decoding=\"async\" width=\"600\" height=\"265\" src=\"https:\/\/phonescanada.com\/wp-content\/uploads\/auction-policy-banner-600x265.jpg\" class=\"attachment-woocommerce_single size-woocommerce_single wp-image-224620643\" alt=\"\" srcset=\"https:\/\/phonescanada.com\/wp-content\/uploads\/\/auction-policy-banner-600x265.jpg 600w, https:\/\/phonescanada.com\/wp-content\/uploads\/\/auction-policy-banner-300x133.jpg 300w, https:\/\/phonescanada.com\/wp-content\/uploads\/\/auction-policy-banner-768x340.jpg 768w, https:\/\/phonescanada.com\/wp-content\/uploads\/\/auction-policy-banner.jpg 950w\" sizes=\"(max-width: 600px) 100vw, 600px\" \/>\t\t\t\t\t\t\t\t\t\t\t\t\t\t\t<\/div>\n\t\t\t\t<\/div>\n\t\t\t\t\t<\/div>\n\t\t<\/div>\n\t\t\t\t\t<\/div>\n\t\t<\/section>\n\t\t<div class=\"elementor-element elementor-element-ae05160 e-flex e-con-boxed e-con e-parent\" data-id=\"ae05160\" data-element_type=\"container\" data-e-type=\"container\">\n\t\t\t\t\t<div class=\"e-con-inner\">\n\t\t<div class=\"elementor-element elementor-element-f817841 e-con-full e-flex e-con e-child\" data-id=\"f817841\" data-element_type=\"container\" data-e-type=\"container\">\n\t\t\t\t<div class=\"elementor-element elementor-element-ab6ac5f elementor-widget__width-auto elementor-widget elementor-widget-shortcode\" data-id=\"ab6ac5f\" data-element_type=\"widget\" data-e-type=\"widget\" data-widget_type=\"shortcode.default\">\n\t\t\t\t<div class=\"elementor-widget-container\">\n\t\t\t\t\t\t\t<div class=\"elementor-shortcode\"><\/div>\n\t\t\t\t\t\t<\/div>\n\t\t\t\t<\/div>\n\t\t\t\t<div class=\"elementor-element elementor-element-cd2c245 elementor-widget elementor-widget-heading\" data-id=\"cd2c245\" data-element_type=\"widget\" data-e-type=\"widget\" data-widget_type=\"heading.default\">\n\t\t\t\t<div class=\"elementor-widget-container\">\n\t\t\t\t\t<h2 class=\"elementor-heading-title elementor-size-default\">Politique d&#039;ench\u00e8res de Phones Canada\n<\/h2>\t\t\t\t<\/div>\n\t\t\t\t<\/div>\n\t\t\t\t<div class=\"elementor-element elementor-element-5db8382 elementor-widget elementor-widget-text-editor\" data-id=\"5db8382\" data-element_type=\"widget\" data-e-type=\"widget\" data-widget_type=\"text-editor.default\">\n\t\t\t\t<div class=\"elementor-widget-container\">\n\t\t\t\t\t\t\t\t\t<p><strong><span style=\"color: #ff0000;\">1.<\/span> Introduction<\/strong><\/p><p>Bienvenue aux services d&#039;ench\u00e8res de Phones Canada. En participant \u00e0 nos ench\u00e8res, vous acceptez de vous conformer \u00e0 la pr\u00e9sente politique d&#039;ench\u00e8res, qui d\u00e9crit les conditions g\u00e9n\u00e9rales r\u00e9gissant votre participation.<\/p><p><strong><br \/><span style=\"color: #ff0000;\">2.<\/span> Admissibilit\u00e9 et inscription<\/strong><\/p><ul><li><p><strong>Exigences commerciales<\/strong>:La participation est limit\u00e9e aux entreprises enregistr\u00e9es.<\/p><\/li><li><p><strong>Certificat de revente<\/strong>:Un certificat de revente valide doit \u00eatre fourni sur demande.<\/p><\/li><li><p><strong>Approbation<\/strong>:L\u2019admissibilit\u00e9 \u00e0 participer est soumise \u00e0 l\u2019approbation de Phones Canada.<br \/><br \/><\/p><\/li><\/ul><p><strong><span style=\"color: #ff0000;\">3.<\/span> Participation aux ench\u00e8res<\/strong><\/p><ul><li><p><strong>Offres fermes<\/strong>:Toutes les ench\u00e8res plac\u00e9es sont contraignantes. Une fois qu&#039;une ench\u00e8re est accept\u00e9e, vous \u00eates oblig\u00e9 de finaliser l&#039;achat.<\/p><\/li><li><p><strong>Annulation de l&#039;ench\u00e8re<\/strong>:Phones Canada se r\u00e9serve le droit d&#039;annuler toute ench\u00e8re \u00e0 sa discr\u00e9tion.<\/p><\/li><li><p><strong>Ench\u00e8res par procuration<\/strong>:Notre syst\u00e8me propose des ench\u00e8res par procuration, permettant des ench\u00e8res automatiques en votre nom jusqu&#039;\u00e0 votre montant d&#039;ench\u00e8re maximum.<br \/><br \/><\/p><\/li><\/ul><p><strong><span style=\"color: #ff0000;\">4.<\/span> Frais et paiements<\/strong><\/p><ul><li><p><strong>Frais de service<\/strong>:Des frais de service 3% sont appliqu\u00e9s au montant total de l&#039;ench\u00e8re gagnante pour chaque ench\u00e8re.<\/p><\/li><li><p><strong>Frais de compensation des donn\u00e9es<\/strong>:Un service optionnel de suppression des donn\u00e9es est disponible \u00e0 $1 par unit\u00e9.<\/p><\/li><li><p><strong>Frais de virement bancaire<\/strong>:Des frais fixes de $25 sont factur\u00e9s pour les paiements effectu\u00e9s par virement bancaire.<\/p><\/li><li><p><strong>Date limite de paiement<\/strong>:Les paiements doivent \u00eatre effectu\u00e9s dans les 24 heures suivant la cl\u00f4ture des ench\u00e8res.<\/p><\/li><li><p><strong>Cons\u00e9quences du non-paiement<\/strong>:Le non-paiement peut entra\u00eener la confiscation du lot et la suspension du compte.<br \/><br \/><\/p><\/li><\/ul><p><strong><span style=\"color: #ff0000;\">5.<\/span> Devise<\/strong><\/p><ul><li><strong>Monnaie d&#039;ench\u00e8res<\/strong>:Toutes les ench\u00e8res sont men\u00e9es en USD sans possibilit\u00e9 de changer de devise.<br \/><br \/><\/li><\/ul><p><strong><span style=\"color: #ff0000;\">6.<\/span> \u00c9tat et d\u00e9verrouillage de l&#039;appareil<\/strong><\/p><ul><li><p><strong>Ventes en l&#039;\u00e9tat<\/strong>:Tous les articles sont vendus \u00ab tels quels \u00bb sans aucune garantie, expresse ou implicite.<\/p><\/li><li><p><strong>Appareils appartenant \u00e0 l&#039;op\u00e9rateur<\/strong>:Les appareils vendus par leur op\u00e9rateur d&#039;origine seront d\u00e9verrouill\u00e9s ou pourront \u00eatre d\u00e9verrouill\u00e9s sur demande sans frais suppl\u00e9mentaires. Pour d\u00e9verrouiller les appareils, soumettez l&#039;IMEI sur notre page de d\u00e9verrouillage\u00a0: <a href=\"https:\/\/phonescanada.com\/fr\/services\/unlocking-service\/\" target=\"_new\" rel=\"noopener\">Service de d\u00e9verrouillage<\/a>.<\/p><\/li><li><p><strong>Autres appareils de transport<\/strong>:Les appareils d&#039;autres op\u00e9rateurs peuvent \u00eatre verrouill\u00e9s\u00a0; le d\u00e9verrouillage est \u00e0 la charge de l&#039;acheteur.<br \/><br \/><\/p><\/li><\/ul><p><strong><span style=\"color: #ff0000;\">7.<\/span> Exigences en mati\u00e8re de suppression des donn\u00e9es<\/strong><\/p><ul><li><p><strong>Suppression des informations client<\/strong>:Vous devez supprimer toutes les informations client des appareils achet\u00e9s avant la revente.<\/p><\/li><li><p><strong>Certification de conformit\u00e9<\/strong>:Sur demande, fournir une attestation de conformit\u00e9 aux exigences de compensation des donn\u00e9es.<\/p><\/li><\/ul><p><strong><br \/><span style=\"color: #ff0000;\">8.<\/span> Restrictions \u00e0 l&#039;exportation<\/strong><\/p><ul><li><p><strong>Limitations g\u00e9ographiques<\/strong>:La revente de marchandises est limit\u00e9e aux r\u00e9gions autoris\u00e9es.<\/p><\/li><li><p><strong>Suppression de marque<\/strong>:En cas de revente en dehors des r\u00e9gions autoris\u00e9es, vous devez supprimer toutes les marques et marques d\u00e9pos\u00e9es de la marchandise.<br \/><br \/><\/p><\/li><\/ul><p><strong><span style=\"color: #ff0000;\">9.<\/span> R\u00e9solution des litiges<\/strong><\/p><ul><li><strong>Arbitrage<\/strong>:Les litiges li\u00e9s aux ventes aux ench\u00e8res sont trait\u00e9s par le biais d&#039;un arbitrage men\u00e9 par notre \u00e9quipe en coordination avec la maison de vente aux ench\u00e8res et le vendeur.<br \/><br \/><\/li><\/ul><p><strong><span style=\"color: #ff0000;\">10.<\/span> Loi applicable<\/strong><\/p><p>Cette politique d\u2019ench\u00e8res est r\u00e9gie par les lois de l\u2019Ontario, Canada.<\/p><p><strong><br \/><span style=\"color: #ff0000;\">11.<\/span> Amendements<\/strong><\/p><p>Phones Canada se r\u00e9serve le droit de modifier cette politique d&#039;ench\u00e8res \u00e0 tout moment. Les modifications seront communiqu\u00e9es via notre site Web.<\/p><p><strong><br \/><span style=\"color: #ff0000;\">12.<\/span> Responsabilit\u00e9s de l&#039;acheteur<\/strong><\/p><ul><li><strong>Conformit\u00e9 l\u00e9gale<\/strong>:Les acheteurs sont responsables de veiller au respect de toutes les lois et r\u00e9glementations applicables concernant la revente des biens achet\u00e9s.<\/li><\/ul><p><strong><br \/>En participant aux ench\u00e8res de Phones Canada, vous acceptez d&#039;adh\u00e9rer \u00e0 cette politique d&#039;ench\u00e8res.<\/strong><\/p>\t\t\t\t\t\t\t\t<\/div>\n\t\t\t\t<\/div>\n\t\t\t\t<div class=\"elementor-element elementor-element-623c2af elementor-widget-divider--view-line elementor-widget elementor-widget-divider\" data-id=\"623c2af\" data-element_type=\"widget\" data-e-type=\"widget\" data-widget_type=\"divider.default\">\n\t\t\t\t<div class=\"elementor-widget-container\">\n\t\t\t\t\t\t\t<div class=\"elementor-divider\">\n\t\t\t<span class=\"elementor-divider-separator\">\n\t\t\t\t\t\t<\/span>\n\t\t<\/div>\n\t\t\t\t\t\t<\/div>\n\t\t\t\t<\/div>\n\t\t\t\t<div class=\"elementor-element elementor-element-7764157 elementor-widget elementor-widget-text-editor\" data-id=\"7764157\" data-element_type=\"widget\" data-e-type=\"widget\" data-widget_type=\"text-editor.default\">\n\t\t\t\t<div class=\"elementor-widget-container\">\n\t\t\t\t\t\t\t\t\t<p><strong>Derni\u00e8re mise \u00e0 jour le 10 janvier 2025<\/strong><\/p><h4>FAISONS-NOUS DES MISES \u00c0 JOUR \u00c0 CET AVIS\u00a0?<\/h4><p>En bref\u00a0: Oui, nous mettrons \u00e0 jour cet avis si n\u00e9cessaire pour rester en conformit\u00e9 avec les lois en vigueur.<\/p><p>Nous pouvons mettre \u00e0 jour cette politique de temps \u00e0 autre. La version mise \u00e0 jour sera indiqu\u00e9e par une date de mise \u00e0 jour \u00ab R\u00e9vis\u00e9e \u00bb et la version mise \u00e0 jour entrera en vigueur d\u00e8s qu&#039;elle sera accessible. Si nous apportons des modifications importantes \u00e0 cette politique, nous pouvons vous en informer soit en affichant bien en vue un avis de ces modifications, soit en vous envoyant directement une notification. Nous vous encourageons \u00e0 consulter fr\u00e9quemment cet avis de confidentialit\u00e9 pour \u00eatre inform\u00e9 de la mani\u00e8re dont nous prot\u00e9geons vos informations.<\/p><h4>COMMENT POUVEZ-VOUS NOUS CONTACTER AU SUJET DE CET AVIS\u00a0?<\/h4><p>Si vous avez des questions ou des commentaires concernant cet avis, vous pouvez nous envoyer un courriel \u00e0 <a href=\"mailto:info@phonescanada.com\">info@phonescanada.com<\/a> ou par courrier \u00e0 :<\/p><p><span style=\"font-weight: bolder;\">T\u00e9l\u00e9phones Canada<\/span><br \/>6110 Ordan Dr, unit\u00e9 4 Mississauga, ON L6T 2B4, Canada<\/p>\t\t\t\t\t\t\t\t<\/div>\n\t\t\t\t<\/div>\n\t\t\t\t<\/div>\n\t\t\t\t\t<\/div>\n\t\t\t\t<\/div>\n\t\t\t\t<\/div>","protected":false},"excerpt":{"rendered":"<p>Phones Canada Auction Policy 1. Introduction Welcome to Phones Canada&#8217;s Auction Services. By participating in our auctions, you agree to comply with this Auction Policy, which outlines the terms and conditions governing your participation. 2. Eligibility and Registration Business Requirement: Participation is limited to registered businesses. Resale Certificate: A valid resale certificate must be provided [&hellip;]<\/p>\n","protected":false},"author":9,"featured_media":0,"parent":224559338,"menu_order":0,"comment_status":"closed","ping_status":"closed","template":"","meta":{"footnotes":""},"class_list":["post-224620607","page","type-page","status-publish","hentry"],"_links":{"self":[{"href":"https:\/\/phonescanada.com\/fr\/wp-json\/wp\/v2\/pages\/224620607","targetHints":{"allow":["GET"]}}],"collection":[{"href":"https:\/\/phonescanada.com\/fr\/wp-json\/wp\/v2\/pages"}],"about":[{"href":"https:\/\/phonescanada.com\/fr\/wp-json\/wp\/v2\/types\/page"}],"author":[{"embeddable":true,"href":"https:\/\/phonescanada.com\/fr\/wp-json\/wp\/v2\/users\/9"}],"replies":[{"embeddable":true,"href":"https:\/\/phonescanada.com\/fr\/wp-json\/wp\/v2\/comments?post=224620607"}],"version-history":[{"count":0,"href":"https:\/\/phonescanada.com\/fr\/wp-json\/wp\/v2\/pages\/224620607\/revisions"}],"up":[{"embeddable":true,"href":"https:\/\/phonescanada.com\/fr\/wp-json\/wp\/v2\/pages\/224559338"}],"wp:attachment":[{"href":"https:\/\/phonescanada.com\/fr\/wp-json\/wp\/v2\/media?parent=224620607"}],"curies":[{"name":"wp","href":"https:\/\/api.w.org\/{rel}","templated":true}]}}