{"id":224862250,"date":"2024-12-10T11:49:00","date_gmt":"2024-12-10T16:49:00","guid":{"rendered":"https:\/\/phonescanada.com\/?page_id=224862250"},"modified":"2025-01-25T00:29:47","modified_gmt":"2025-01-25T05:29:47","slug":"rapport-de-developpement-durable-2024","status":"publish","type":"page","link":"https:\/\/phonescanada.com\/fr\/about-us\/environmental-commitment\/rapport-de-developpement-durable-2024\/","title":{"rendered":"Rapport sur le d\u00e9veloppement durable 2024"},"content":{"rendered":"<div data-elementor-type=\"wp-page\" data-elementor-id=\"224862250\" class=\"elementor elementor-224862250\" data-elementor-post-type=\"page\">\n\t\t\t\t<div class=\"elementor-element elementor-element-eb4d3b5 e-flex e-con-boxed e-con e-parent\" data-id=\"eb4d3b5\" data-element_type=\"container\" data-e-type=\"container\">\n\t\t\t\t\t<div class=\"e-con-inner\">\n\t\t<div class=\"elementor-element elementor-element-6cd1c83 e-con-full e-flex e-con e-child\" data-id=\"6cd1c83\" data-element_type=\"container\" data-e-type=\"container\">\n\t\t\t\t<div class=\"elementor-element elementor-element-f086a8b elementor-widget__width-auto elementor-widget elementor-widget-shortcode\" data-id=\"f086a8b\" data-element_type=\"widget\" data-e-type=\"widget\" data-widget_type=\"shortcode.default\">\n\t\t\t\t<div class=\"elementor-widget-container\">\n\t\t\t\t\t\t\t<div class=\"elementor-shortcode\"><\/div>\n\t\t\t\t\t\t<\/div>\n\t\t\t\t<\/div>\n\t\t\t\t<div class=\"elementor-element elementor-element-8d3102f elementor-widget elementor-widget-heading\" data-id=\"8d3102f\" data-element_type=\"widget\" data-e-type=\"widget\" data-widget_type=\"heading.default\">\n\t\t\t\t<div class=\"elementor-widget-container\">\n\t\t\t\t\t<h1 class=\"elementor-heading-title elementor-size-default\">La durabilit\u00e9 gr\u00e2ce \u00e0 l&#039;innovation : Rapport 2024 de Phones Canada sur l&#039;impact environnemental<\/h1>\t\t\t\t<\/div>\n\t\t\t\t<\/div>\n\t\t\t\t<div class=\"elementor-element elementor-element-47cc06a elementor-widget elementor-widget-text-editor\" data-id=\"47cc06a\" data-element_type=\"widget\" data-e-type=\"widget\" data-widget_type=\"text-editor.default\">\n\t\t\t\t<div class=\"elementor-widget-container\">\n\t\t\t\t\t\t\t\t\t<p><em>Publi\u00e9 en d\u00e9cembre 2024<\/em><\/p>\n<p><\/p>\n<p><\/p>\n<p><\/p>\n<p><\/p>\n<h2 class=\"wp-block-heading\">Introduction<\/h2>\n\n<p>Chez Phones Canada, la durabilit\u00e9 a toujours \u00e9t\u00e9 au c\u0153ur de nos activit\u00e9s. En 2024, nous avons pris des mesures audacieuses pour am\u00e9liorer notre impact environnemental en passant \u00e0 de nouveaux partenariats mondiaux, en tirant parti de l&#039;IA pour r\u00e9duire les d\u00e9chets et en permettant aux particuliers de r\u00e9parer leurs appareils. Ce rapport met en \u00e9vidence les progr\u00e8s que nous avons r\u00e9alis\u00e9s, les le\u00e7ons que nous avons apprises et notre engagement continu \u00e0 b\u00e2tir un avenir plus durable.<\/p>\n\n<h2 class=\"wp-block-heading\">Mettre fin \u00e0 la r\u00e9novation pour un avenir meilleur<\/h2>\n\n<p>Apr\u00e8s des ann\u00e9es de remise \u00e0 neuf d\u2019appareils au Canada, nous avons d\u00fb faire face \u00e0 des d\u00e9fis qui nous ont oblig\u00e9s \u00e0 revoir notre approche. L\u2019inflation galopante, l\u2019augmentation des taxes et la disponibilit\u00e9 limit\u00e9e des ressources ont rendu la remise \u00e0 neuf \u00e9conomiquement non viable. De plus, de nombreux appareils que nous avons trait\u00e9s ne pouvaient pas \u00eatre r\u00e9par\u00e9s de mani\u00e8re rentable, ce qui a entra\u00een\u00e9 une production excessive de d\u00e9chets.<\/p>\n\n<h3 class=\"wp-block-heading\">Transition vers des partenariats mondiaux<\/h3>\n\n<p>En 2024, nous sommes pass\u00e9s des op\u00e9rations de remise \u00e0 neuf \u00e0 la cr\u00e9ation de partenariats avec des leaders du recyclage dans <strong>Hong Kong<\/strong> et <strong>Duba\u00ef<\/strong>. Ces partenaires op\u00e8rent avec <strong>1\/5 du co\u00fbt<\/strong> de nos efforts de remise \u00e0 neuf ant\u00e9rieurs tout en g\u00e9n\u00e9rant beaucoup moins de d\u00e9chets gr\u00e2ce \u00e0 leur acc\u00e8s \u00e0 des ressources avanc\u00e9es et \u00e0 des capacit\u00e9s de r\u00e9paration.<\/p>\n\n<ul class=\"wp-block-list\">\n<li><strong>Rentabilit\u00e9 :<\/strong> La r\u00e9duction des co\u00fbts nous permet d\u2019allouer des ressources \u00e0 des initiatives plus impactantes.<\/li>\n<li><strong>R\u00e9duction des d\u00e9chets :<\/strong> Les ressources avanc\u00e9es minimisent les d\u00e9chets \u00e9lectroniques pendant le processus de remise \u00e0 neuf.<\/li>\n<li><strong>Collaboration mondiale :<\/strong> Les partenariats permettent des efforts de durabilit\u00e9 \u00e9volutifs et efficaces.<\/li>\n<\/ul>\n<p>\u00a0<\/p>\n\n<h3 class=\"wp-block-heading\">Cr\u00e9er un impact mondial gr\u00e2ce aux tablettes recycl\u00e9es<\/h3>\n\n<p>Au cours des 10 derni\u00e8res ann\u00e9es, Phones Canada a aid\u00e9 <strong>100 000 tablettes recycl\u00e9es<\/strong> trouver un nouveau foyer dans les communaut\u00e9s d\u00e9favoris\u00e9es. Ces tablettes ont \u00e9t\u00e9 distribu\u00e9es aux \u00e9coles, aux familles et aux organisations des pays du tiers-monde, fournissant des outils essentiels pour :<\/p>\n\n<ul class=\"wp-block-list\">\n<li><strong>\u00c9ducation:<\/strong> Permettre aux \u00e9tudiants d&#039;acc\u00e9der aux ressources d&#039;apprentissage num\u00e9riques.<\/li>\n<li><strong>Communication:<\/strong> Connecter les familles et les communaut\u00e9s aux informations et services essentiels.<\/li>\n<li><strong>Durabilit\u00e9:<\/strong> Emp\u00eacher ces appareils de finir dans les d\u00e9charges et r\u00e9duire les d\u00e9chets \u00e9lectroniques.<\/li>\n<\/ul>\n\n<p>\u00a0<\/p>\n\n<h2 class=\"wp-block-heading\">Efficacit\u00e9 de l&#039;entreposage gr\u00e2ce \u00e0 l&#039;IA<\/h2>\n\n<p>Pour am\u00e9liorer la durabilit\u00e9 de nos op\u00e9rations, nous avons mis en \u0153uvre en 2024 un syst\u00e8me de gestion d&#039;entrep\u00f4t intelligent bas\u00e9 sur l&#039;IA. Ce syst\u00e8me optimise la consommation d&#039;\u00e9nergie en contr\u00f4lant l&#039;\u00e9clairage, le chauffage, le refroidissement et la ventilation, garantissant ainsi qu&#039;aucune \u00e9nergie n&#039;est gaspill\u00e9e.<\/p>\n\n<h3 class=\"wp-block-heading\">Principaux r\u00e9sultats<\/h3>\n\n<ul class=\"wp-block-list\">\n<li><strong>Optimisation \u00e9nerg\u00e9tique :<\/strong> L\u2019IA garantit que seuls les syst\u00e8mes essentiels sont actifs, minimisant ainsi le gaspillage d\u2019\u00e9nergie.<\/li>\n<li><strong>R\u00e9duction de l&#039;empreinte carbone :<\/strong> Consommation \u00e9nerg\u00e9tique globale r\u00e9duite de <strong>23%<\/strong>.<\/li>\n<li><strong>Leadership en mati\u00e8re de d\u00e9veloppement durable :<\/strong> L\u2019exploitation de la technologie de l\u2019IA renforce notre position de leader du secteur en mati\u00e8re de pratiques durables.<\/li>\n<\/ul>\n\n<p>\u00a0<\/p>\n\n<h2 class=\"wp-block-heading\">Optimiser les r\u00e9parations gr\u00e2ce \u00e0 l&#039;IA<\/h2>\n\n<figure class=\"wp-block-image size-full\"><a href=\"https:\/\/parts.phonescanada.com\/repairbot\/\" target=\"_blank\" rel=\"noopener\"><img fetchpriority=\"high\" decoding=\"async\" class=\"alignnone wp-image-224862278\" src=\"https:\/\/phonescanada.com\/wp-content\/uploads\/2025\/01\/image-13-1024x596.png\" alt=\"Assistant de r\u00e9paration IA\" width=\"650\" height=\"378\" srcset=\"https:\/\/phonescanada.com\/wp-content\/uploads\/2025\/01\/image-13-1024x596.png 1024w, https:\/\/phonescanada.com\/wp-content\/uploads\/2025\/01\/image-13-300x175.png 300w, https:\/\/phonescanada.com\/wp-content\/uploads\/2025\/01\/image-13-768x447.png 768w, https:\/\/phonescanada.com\/wp-content\/uploads\/2025\/01\/image-13-18x10.png 18w, https:\/\/phonescanada.com\/wp-content\/uploads\/2025\/01\/image-13-600x349.png 600w, https:\/\/phonescanada.com\/wp-content\/uploads\/2025\/01\/image-13-60x35.png 60w, https:\/\/phonescanada.com\/wp-content\/uploads\/2025\/01\/image-13.png 1294w\" sizes=\"(max-width: 650px) 100vw, 650px\" \/><\/a><br \/>\n<figcaption><em>Les amateurs de r\u00e9paration DIY peuvent r\u00e9parer leurs appareils gr\u00e2ce aux conseils \u00e9tape par \u00e9tape de notre outil aliment\u00e9 par l&#039;IA.<\/em><\/figcaption>\n<\/figure>\n\n<p>Une autre \u00e9tape majeure en 2024 a \u00e9t\u00e9 le lancement de notre <strong>Assistant de r\u00e9paration aliment\u00e9 par l&#039;IA<\/strong> sur <a href=\"https:\/\/parts.phonescanada.com\/\">parts.phonescanada.com<\/a>Cet outil innovant permet aux utilisateurs de r\u00e9parer eux-m\u00eames leurs appareils, r\u00e9duisant ainsi consid\u00e9rablement les d\u00e9chets \u00e9lectroniques.<\/p>\n\n<h3 class=\"wp-block-heading\">Fonctionnalit\u00e9s de l&#039;assistant de r\u00e9paration<\/h3>\n\n<ul class=\"wp-block-list\">\n<li><strong>Instructions \u00e9tape par \u00e9tape\u00a0:<\/strong> Guides de r\u00e9paration faciles \u00e0 suivre pour tous les principaux mod\u00e8les d&#039;appareils.<\/li>\n<li><strong>Assistance questions-r\u00e9ponses en direct\u00a0:<\/strong> Assistance interactive au d\u00e9pannage pour les probl\u00e8mes complexes.<\/li>\n<li><strong>Correspondance des pi\u00e8ces :<\/strong> Recommandations d&#039;IA pour les pi\u00e8ces compatibles pour simplifier le processus de r\u00e9paration.<\/li>\n<\/ul>\n<p>\u00a0<\/p>\n<p><em>Impact:<\/em> Des milliers d&#039;appareils ont \u00e9t\u00e9 r\u00e9par\u00e9s par des bricoleurs gr\u00e2ce \u00e0 cet outil, ce qui leur \u00e9vite de finir dans des d\u00e9charges. En 2025, nous avons pour objectif d&#039;\u00e9tendre cet outil pour prendre en charge encore plus d&#039;appareils et de sc\u00e9narios de r\u00e9paration.<\/p>\n\n<p>\u00a0<\/p>\n\n<h2 class=\"wp-block-heading\">Regarder vers l&#039;avant<\/h2>\n\n<p>Nos efforts en mati\u00e8re de d\u00e9veloppement durable pour 2024 marquent le d\u00e9but d\u2019une nouvelle \u00e8re chez Phones Canada. Alors que nous continuons de collaborer avec des partenaires mondiaux, de tirer parti des technologies d\u2019IA et de soutenir une \u00e9conomie circulaire, nous restons d\u00e9termin\u00e9s \u00e0 r\u00e9duire les d\u00e9chets \u00e9lectroniques et \u00e0 contribuer \u00e0 b\u00e2tir un avenir plus durable.<\/p>\n\t\t\t\t\t\t\t\t<\/div>\n\t\t\t\t<\/div>\n\t\t<div class=\"elementor-element elementor-element-da69120 e-con-full e-flex e-con e-child\" data-id=\"da69120\" data-element_type=\"container\" data-e-type=\"container\">\n\t\t\t\t<div class=\"elementor-element elementor-element-fc9dafc elementor-widget__width-auto elementor-widget elementor-widget-button\" data-id=\"fc9dafc\" data-element_type=\"widget\" data-e-type=\"widget\" data-widget_type=\"button.default\">\n\t\t\t\t<div class=\"elementor-widget-container\">\n\t\t\t\t\t\t\t\t\t<div class=\"elementor-button-wrapper\">\n\t\t\t\t\t<a class=\"elementor-button elementor-button-link elementor-size-sm\" href=\"https:\/\/parts.phonescanada.com\">\n\t\t\t\t\t\t<span class=\"elementor-button-content-wrapper\">\n\t\t\t\t\t\t\t\t\t<span class=\"elementor-button-text\">D\u00e9couvrez notre assistant de r\u00e9paration IA<\/span>\n\t\t\t\t\t<\/span>\n\t\t\t\t\t<\/a>\n\t\t\t\t<\/div>\n\t\t\t\t\t\t\t\t<\/div>\n\t\t\t\t<\/div>\n\t\t\t\t<div class=\"elementor-element elementor-element-4d011ec elementor-widget__width-auto elementor-widget elementor-widget-button\" data-id=\"4d011ec\" data-element_type=\"widget\" data-e-type=\"widget\" data-widget_type=\"button.default\">\n\t\t\t\t<div class=\"elementor-widget-container\">\n\t\t\t\t\t\t\t\t\t<div class=\"elementor-button-wrapper\">\n\t\t\t\t\t<a class=\"elementor-button elementor-button-link elementor-size-sm\" href=\"#\">\n\t\t\t\t\t\t<span class=\"elementor-button-content-wrapper\">\n\t\t\t\t\t\t\t\t\t<span class=\"elementor-button-text\">En savoir plus sur notre engagement environnemental<\/span>\n\t\t\t\t\t<\/span>\n\t\t\t\t\t<\/a>\n\t\t\t\t<\/div>\n\t\t\t\t\t\t\t\t<\/div>\n\t\t\t\t<\/div>\n\t\t\t\t<\/div>\n\t\t\t\t<div class=\"elementor-element elementor-element-01143c1 elementor-widget elementor-widget-spacer\" data-id=\"01143c1\" data-element_type=\"widget\" data-e-type=\"widget\" data-widget_type=\"spacer.default\">\n\t\t\t\t<div class=\"elementor-widget-container\">\n\t\t\t\t\t\t\t<div class=\"elementor-spacer\">\n\t\t\t<div class=\"elementor-spacer-inner\"><\/div>\n\t\t<\/div>\n\t\t\t\t\t\t<\/div>\n\t\t\t\t<\/div>\n\t\t\t\t<\/div>\n\t\t\t\t\t<\/div>\n\t\t\t\t<\/div>\n\t\t<div class=\"elementor-element elementor-element-844d19b e-flex e-con-boxed e-con e-parent\" data-id=\"844d19b\" data-element_type=\"container\" data-e-type=\"container\" data-settings=\"{&quot;background_background&quot;:&quot;classic&quot;}\">\n\t\t\t\t\t<div class=\"e-con-inner\">\n\t\t\t\t<div class=\"elementor-element elementor-element-ef8b307 elementor-icon-list--layout-traditional elementor-list-item-link-full_width elementor-widget elementor-widget-icon-list\" data-id=\"ef8b307\" data-element_type=\"widget\" data-e-type=\"widget\" data-widget_type=\"icon-list.default\">\n\t\t\t\t<div class=\"elementor-widget-container\">\n\t\t\t\t\t\t\t<ul class=\"elementor-icon-list-items\">\n\t\t\t\t\t\t\t<li class=\"elementor-icon-list-item\">\n\t\t\t\t\t\t\t\t\t\t\t<a href=\"https:\/\/phonescanada.com\/fr\/about-us\/environmental-commitment\/sustainability-report\/\">\n\n\t\t\t\t\t\t\t\t\t\t\t<span class=\"elementor-icon-list-text\">\u25c4 Rapport de d\u00e9veloppement durable 2023<\/span>\n\t\t\t\t\t\t\t\t\t\t\t<\/a>\n\t\t\t\t\t\t\t\t\t<\/li>\n\t\t\t\t\t\t<\/ul>\n\t\t\t\t\t\t<\/div>\n\t\t\t\t<\/div>\n\t\t\t\t\t<\/div>\n\t\t\t\t<\/div>\n\t\t\t\t<section class=\"elementor-section elementor-top-section elementor-element elementor-element-e205510 elementor-section-boxed elementor-section-height-default elementor-section-height-default\" data-id=\"e205510\" data-element_type=\"section\" data-e-type=\"section\">\n\t\t\t\t\t\t<div class=\"elementor-container elementor-column-gap-default\">\n\t\t\t\t\t<div class=\"elementor-column elementor-col-33 elementor-top-column elementor-element elementor-element-16708ba\" data-id=\"16708ba\" data-element_type=\"column\" data-e-type=\"column\">\n\t\t\t<div class=\"elementor-widget-wrap elementor-element-populated\">\n\t\t\t\t\t\t<div class=\"elementor-element elementor-element-6a79493 elementor-widget elementor-widget-image\" data-id=\"6a79493\" data-element_type=\"widget\" data-e-type=\"widget\" data-widget_type=\"image.default\">\n\t\t\t\t<div class=\"elementor-widget-container\">\n\t\t\t\t\t\t\t\t\t\t\t\t\t\t\t\t<a href=\"https:\/\/phonescanada.com\/fr\/extending-end-of-life-for-devices\/\">\n\t\t\t\t\t\t\t<img decoding=\"async\" width=\"1200\" height=\"900\" data-src=\"https:\/\/phonescanada.com\/wp-content\/uploads\/2020\/11\/endoflife.jpg\" class=\"attachment-full size-full wp-image-4582 lazyload\" alt=\"\" data-srcset=\"https:\/\/phonescanada.com\/wp-content\/uploads\/2020\/11\/endoflife.jpg 1200w, https:\/\/phonescanada.com\/wp-content\/uploads\/2020\/11\/endoflife-600x450.jpg 600w, https:\/\/phonescanada.com\/wp-content\/uploads\/2020\/11\/endoflife-300x225.jpg 300w, https:\/\/phonescanada.com\/wp-content\/uploads\/2020\/11\/endoflife-1024x768.jpg 1024w, https:\/\/phonescanada.com\/wp-content\/uploads\/2020\/11\/endoflife-768x576.jpg 768w, https:\/\/phonescanada.com\/wp-content\/uploads\/2020\/11\/endoflife-209x157.jpg 209w\" data-sizes=\"auto\" src=\"data:image\/svg+xml;base64,PHN2ZyB3aWR0aD0iMSIgaGVpZ2h0PSIxIiB4bWxucz0iaHR0cDovL3d3dy53My5vcmcvMjAwMC9zdmciPjwvc3ZnPg==\" style=\"--smush-placeholder-width: 1200px; --smush-placeholder-aspect-ratio: 1200\/900;\" data-original-sizes=\"(max-width: 1200px) 100vw, 1200px\" \/>\t\t\t\t\t\t\t\t<\/a>\n\t\t\t\t\t\t\t\t\t\t\t\t\t\t\t<\/div>\n\t\t\t\t<\/div>\n\t\t\t\t<div class=\"elementor-element elementor-element-0e8c74e elementor-widget elementor-widget-heading\" data-id=\"0e8c74e\" data-element_type=\"widget\" data-e-type=\"widget\" data-widget_type=\"heading.default\">\n\t\t\t\t<div class=\"elementor-widget-container\">\n\t\t\t\t\t<h3 class=\"elementor-heading-title elementor-size-default\"><a href=\"https:\/\/phonescanada.com\/fr\/extending-end-of-life-for-devices\/\">Prolonger la fin de vie des appareils<\/a><\/h3>\t\t\t\t<\/div>\n\t\t\t\t<\/div>\n\t\t\t\t<div class=\"elementor-element elementor-element-1a45c8f elementor-widget elementor-widget-text-editor\" data-id=\"1a45c8f\" data-element_type=\"widget\" data-e-type=\"widget\" data-widget_type=\"text-editor.default\">\n\t\t\t\t<div class=\"elementor-widget-container\">\n\t\t\t\t\t\t\t\t\t<p>Nous disposons des meilleures pratiques en mati\u00e8re de fabrication. Nous nous effor\u00e7ons d&#039;obtenir la plus haute qualit\u00e9 afin de tirer le meilleur parti des appareils recycl\u00e9s.<\/p>\t\t\t\t\t\t\t\t<\/div>\n\t\t\t\t<\/div>\n\t\t\t\t<div class=\"elementor-element elementor-element-7a929ed elementor-widget elementor-widget-button\" data-id=\"7a929ed\" data-element_type=\"widget\" data-e-type=\"widget\" data-widget_type=\"button.default\">\n\t\t\t\t<div class=\"elementor-widget-container\">\n\t\t\t\t\t\t\t\t\t<div class=\"elementor-button-wrapper\">\n\t\t\t\t\t<a class=\"elementor-button elementor-button-link elementor-size-sm\" href=\"https:\/\/phonescanada.com\/fr\/extending-end-of-life-for-devices\/\">\n\t\t\t\t\t\t<span class=\"elementor-button-content-wrapper\">\n\t\t\t\t\t\t\t\t\t<span class=\"elementor-button-text\">En savoir plus<\/span>\n\t\t\t\t\t<\/span>\n\t\t\t\t\t<\/a>\n\t\t\t\t<\/div>\n\t\t\t\t\t\t\t\t<\/div>\n\t\t\t\t<\/div>\n\t\t\t\t\t<\/div>\n\t\t<\/div>\n\t\t\t\t<div class=\"elementor-column elementor-col-33 elementor-top-column elementor-element elementor-element-c296cf4\" data-id=\"c296cf4\" data-element_type=\"column\" data-e-type=\"column\">\n\t\t\t<div class=\"elementor-widget-wrap elementor-element-populated\">\n\t\t\t\t\t\t<div class=\"elementor-element elementor-element-10a17f5 elementor-widget elementor-widget-image\" data-id=\"10a17f5\" data-element_type=\"widget\" data-e-type=\"widget\" data-widget_type=\"image.default\">\n\t\t\t\t<div class=\"elementor-widget-container\">\n\t\t\t\t\t\t\t\t\t\t\t\t\t\t\t\t<a href=\"https:\/\/phonescanada.com\/fr\/adopting-a-gorilla-every-month\/\">\n\t\t\t\t\t\t\t<img decoding=\"async\" width=\"1200\" height=\"900\" data-src=\"https:\/\/phonescanada.com\/wp-content\/uploads\/2020\/11\/gorilla.jpg\" class=\"attachment-full size-full wp-image-4583 lazyload\" alt=\"\" data-srcset=\"https:\/\/phonescanada.com\/wp-content\/uploads\/2020\/11\/gorilla.jpg 1200w, https:\/\/phonescanada.com\/wp-content\/uploads\/2020\/11\/gorilla-600x450.jpg 600w, https:\/\/phonescanada.com\/wp-content\/uploads\/2020\/11\/gorilla-300x225.jpg 300w, https:\/\/phonescanada.com\/wp-content\/uploads\/2020\/11\/gorilla-1024x768.jpg 1024w, https:\/\/phonescanada.com\/wp-content\/uploads\/2020\/11\/gorilla-768x576.jpg 768w, https:\/\/phonescanada.com\/wp-content\/uploads\/2020\/11\/gorilla-209x157.jpg 209w\" data-sizes=\"auto\" src=\"data:image\/svg+xml;base64,PHN2ZyB3aWR0aD0iMSIgaGVpZ2h0PSIxIiB4bWxucz0iaHR0cDovL3d3dy53My5vcmcvMjAwMC9zdmciPjwvc3ZnPg==\" style=\"--smush-placeholder-width: 1200px; --smush-placeholder-aspect-ratio: 1200\/900;\" data-original-sizes=\"(max-width: 1200px) 100vw, 1200px\" \/>\t\t\t\t\t\t\t\t<\/a>\n\t\t\t\t\t\t\t\t\t\t\t\t\t\t\t<\/div>\n\t\t\t\t<\/div>\n\t\t\t\t<div class=\"elementor-element elementor-element-1647af8 elementor-widget elementor-widget-heading\" data-id=\"1647af8\" data-element_type=\"widget\" data-e-type=\"widget\" data-widget_type=\"heading.default\">\n\t\t\t\t<div class=\"elementor-widget-container\">\n\t\t\t\t\t<h3 class=\"elementor-heading-title elementor-size-default\"><a href=\"https:\/\/phonescanada.com\/fr\/adopting-a-gorilla-every-month\/\">Adopter un gorille chaque mois<\/a><\/h3>\t\t\t\t<\/div>\n\t\t\t\t<\/div>\n\t\t\t\t<div class=\"elementor-element elementor-element-ff1fc9f elementor-widget elementor-widget-text-editor\" data-id=\"ff1fc9f\" data-element_type=\"widget\" data-e-type=\"widget\" data-widget_type=\"text-editor.default\">\n\t\t\t\t<div class=\"elementor-widget-container\">\n\t\t\t\t\t\t\t\t\t<p>Apr\u00e8s avoir pris connaissance de l\u2019impact des smartphones sur les gorilles, nous avons d\u00e9cid\u00e9, en tant qu\u2019entreprise, d\u2019en adopter un pour chaque mois d\u2019activit\u00e9.<\/p>\t\t\t\t\t\t\t\t<\/div>\n\t\t\t\t<\/div>\n\t\t\t\t<div class=\"elementor-element elementor-element-76a43d3 elementor-widget elementor-widget-button\" data-id=\"76a43d3\" data-element_type=\"widget\" data-e-type=\"widget\" data-widget_type=\"button.default\">\n\t\t\t\t<div class=\"elementor-widget-container\">\n\t\t\t\t\t\t\t\t\t<div class=\"elementor-button-wrapper\">\n\t\t\t\t\t<a class=\"elementor-button elementor-button-link elementor-size-sm\" href=\"https:\/\/phonescanada.com\/fr\/adopting-a-gorilla-every-month\/\">\n\t\t\t\t\t\t<span class=\"elementor-button-content-wrapper\">\n\t\t\t\t\t\t\t\t\t<span class=\"elementor-button-text\">En savoir plus<\/span>\n\t\t\t\t\t<\/span>\n\t\t\t\t\t<\/a>\n\t\t\t\t<\/div>\n\t\t\t\t\t\t\t\t<\/div>\n\t\t\t\t<\/div>\n\t\t\t\t\t<\/div>\n\t\t<\/div>\n\t\t\t\t<div class=\"elementor-column elementor-col-33 elementor-top-column elementor-element elementor-element-16d7c13\" data-id=\"16d7c13\" data-element_type=\"column\" data-e-type=\"column\">\n\t\t\t<div class=\"elementor-widget-wrap elementor-element-populated\">\n\t\t\t\t\t\t<div class=\"elementor-element elementor-element-b18e65a elementor-widget elementor-widget-image\" data-id=\"b18e65a\" data-element_type=\"widget\" data-e-type=\"widget\" data-widget_type=\"image.default\">\n\t\t\t\t<div class=\"elementor-widget-container\">\n\t\t\t\t\t\t\t\t\t\t\t\t\t\t\t\t<a href=\"https:\/\/phonescanada.com\/fr\/tree-planted-for-every-device-sold\/\">\n\t\t\t\t\t\t\t<img decoding=\"async\" width=\"1200\" height=\"900\" data-src=\"https:\/\/phonescanada.com\/wp-content\/uploads\/2020\/11\/tree.jpg\" class=\"attachment-full size-full wp-image-4584 lazyload\" alt=\"\" data-srcset=\"https:\/\/phonescanada.com\/wp-content\/uploads\/2020\/11\/tree.jpg 1200w, https:\/\/phonescanada.com\/wp-content\/uploads\/2020\/11\/tree-600x450.jpg 600w, https:\/\/phonescanada.com\/wp-content\/uploads\/2020\/11\/tree-300x225.jpg 300w, https:\/\/phonescanada.com\/wp-content\/uploads\/2020\/11\/tree-1024x768.jpg 1024w, https:\/\/phonescanada.com\/wp-content\/uploads\/2020\/11\/tree-768x576.jpg 768w, https:\/\/phonescanada.com\/wp-content\/uploads\/2020\/11\/tree-209x157.jpg 209w\" data-sizes=\"auto\" src=\"data:image\/svg+xml;base64,PHN2ZyB3aWR0aD0iMSIgaGVpZ2h0PSIxIiB4bWxucz0iaHR0cDovL3d3dy53My5vcmcvMjAwMC9zdmciPjwvc3ZnPg==\" style=\"--smush-placeholder-width: 1200px; --smush-placeholder-aspect-ratio: 1200\/900;\" data-original-sizes=\"(max-width: 1200px) 100vw, 1200px\" \/>\t\t\t\t\t\t\t\t<\/a>\n\t\t\t\t\t\t\t\t\t\t\t\t\t\t\t<\/div>\n\t\t\t\t<\/div>\n\t\t\t\t<div class=\"elementor-element elementor-element-92daa46 elementor-widget elementor-widget-heading\" data-id=\"92daa46\" data-element_type=\"widget\" data-e-type=\"widget\" data-widget_type=\"heading.default\">\n\t\t\t\t<div class=\"elementor-widget-container\">\n\t\t\t\t\t<h3 class=\"elementor-heading-title elementor-size-default\"><a href=\"https:\/\/phonescanada.com\/fr\/tree-planted-for-every-device-sold\/\">Arbre plant\u00e9 pour chaque appareil vendu<\/a><\/h3>\t\t\t\t<\/div>\n\t\t\t\t<\/div>\n\t\t\t\t<div class=\"elementor-element elementor-element-f6806fa elementor-widget elementor-widget-text-editor\" data-id=\"f6806fa\" data-element_type=\"widget\" data-e-type=\"widget\" data-widget_type=\"text-editor.default\">\n\t\t\t\t<div class=\"elementor-widget-container\">\n\t\t\t\t\t\t\t\t\t<p>Gardant \u00e0 l\u2019esprit l\u2019impact sur notre environnement, nous avons d\u00e9cid\u00e9 de compenser notre empreinte carbone en plantant un arbre pour chaque t\u00e9l\u00e9phone que nous vendons.<\/p>\t\t\t\t\t\t\t\t<\/div>\n\t\t\t\t<\/div>\n\t\t\t\t<div class=\"elementor-element elementor-element-35272ca elementor-widget elementor-widget-button\" data-id=\"35272ca\" data-element_type=\"widget\" data-e-type=\"widget\" data-widget_type=\"button.default\">\n\t\t\t\t<div class=\"elementor-widget-container\">\n\t\t\t\t\t\t\t\t\t<div class=\"elementor-button-wrapper\">\n\t\t\t\t\t<a class=\"elementor-button elementor-button-link elementor-size-sm\" href=\"https:\/\/phonescanada.com\/fr\/tree-planted-for-every-device-sold\/\">\n\t\t\t\t\t\t<span class=\"elementor-button-content-wrapper\">\n\t\t\t\t\t\t\t\t\t<span class=\"elementor-button-text\">En savoir plus<\/span>\n\t\t\t\t\t<\/span>\n\t\t\t\t\t<\/a>\n\t\t\t\t<\/div>\n\t\t\t\t\t\t\t\t<\/div>\n\t\t\t\t<\/div>\n\t\t\t\t\t<\/div>\n\t\t<\/div>\n\t\t\t\t\t<\/div>\n\t\t<\/section>\n\t\t\t\t<\/div>","protected":false},"excerpt":{"rendered":"<p>Sustainability Through Innovation: Phones Canada\u2019s 2024 Report on Environmental Impact Published December 2024 Introduction At Phones Canada, sustainability has always been at the heart of our operations. In 2024, we took bold steps to enhance our environmental impact by transitioning to new global partnerships, leveraging AI to reduce waste, and empowering individuals to repair their [&hellip;]<\/p>\n","protected":false},"author":9,"featured_media":224862289,"parent":3937,"menu_order":0,"comment_status":"closed","ping_status":"closed","template":"","meta":{"footnotes":""},"class_list":["post-224862250","page","type-page","status-publish","has-post-thumbnail","hentry"],"_links":{"self":[{"href":"https:\/\/phonescanada.com\/fr\/wp-json\/wp\/v2\/pages\/224862250","targetHints":{"allow":["GET"]}}],"collection":[{"href":"https:\/\/phonescanada.com\/fr\/wp-json\/wp\/v2\/pages"}],"about":[{"href":"https:\/\/phonescanada.com\/fr\/wp-json\/wp\/v2\/types\/page"}],"author":[{"embeddable":true,"href":"https:\/\/phonescanada.com\/fr\/wp-json\/wp\/v2\/users\/9"}],"replies":[{"embeddable":true,"href":"https:\/\/phonescanada.com\/fr\/wp-json\/wp\/v2\/comments?post=224862250"}],"version-history":[{"count":0,"href":"https:\/\/phonescanada.com\/fr\/wp-json\/wp\/v2\/pages\/224862250\/revisions"}],"up":[{"embeddable":true,"href":"https:\/\/phonescanada.com\/fr\/wp-json\/wp\/v2\/pages\/3937"}],"wp:featuredmedia":[{"embeddable":true,"href":"https:\/\/phonescanada.com\/fr\/wp-json\/wp\/v2\/media\/224862289"}],"wp:attachment":[{"href":"https:\/\/phonescanada.com\/fr\/wp-json\/wp\/v2\/media?parent=224862250"}],"curies":[{"name":"wp","href":"https:\/\/api.w.org\/{rel}","templated":true}]}}