{"id":31,"date":"2020-10-15T07:20:56","date_gmt":"2020-10-15T11:20:56","guid":{"rendered":"https:\/\/www.phonescanada.com\/?page_id=31"},"modified":"2025-01-11T09:14:21","modified_gmt":"2025-01-11T14:14:21","slug":"privacy-policy","status":"publish","type":"page","link":"https:\/\/phonescanada.com\/fr\/about-us\/policies\/privacy-policy\/","title":{"rendered":"politique de confidentialit\u00e9"},"content":{"rendered":"<div data-elementor-type=\"wp-page\" data-elementor-id=\"31\" class=\"elementor elementor-31\" data-elementor-post-type=\"page\">\n\t\t\t\t\t\t<section class=\"elementor-section elementor-top-section elementor-element elementor-element-fd53472 elementor-section-full_width elementor-section-height-default elementor-section-height-default\" data-id=\"fd53472\" data-element_type=\"section\" data-e-type=\"section\" data-settings=\"{&quot;background_background&quot;:&quot;classic&quot;}\">\n\t\t\t\t\t\t<div class=\"elementor-container elementor-column-gap-no\">\n\t\t\t\t\t<div class=\"elementor-column elementor-col-100 elementor-top-column elementor-element elementor-element-85ab741\" data-id=\"85ab741\" data-element_type=\"column\" data-e-type=\"column\">\n\t\t\t<div class=\"elementor-widget-wrap elementor-element-populated\">\n\t\t\t\t\t\t<div class=\"elementor-element elementor-element-27d3dab elementor-widget elementor-widget-image\" data-id=\"27d3dab\" data-element_type=\"widget\" data-e-type=\"widget\" data-widget_type=\"image.default\">\n\t\t\t\t<div class=\"elementor-widget-container\">\n\t\t\t\t\t\t\t\t\t\t\t\t\t\t\t<img fetchpriority=\"high\" decoding=\"async\" width=\"600\" height=\"265\" src=\"https:\/\/phonescanada.com\/wp-content\/uploads\/2020\/10\/privacy-600x265.jpg\" class=\"attachment-woocommerce_single size-woocommerce_single wp-image-3554\" alt=\"\" srcset=\"https:\/\/phonescanada.com\/wp-content\/uploads\/2020\/10\/privacy-600x265.jpg 600w, https:\/\/phonescanada.com\/wp-content\/uploads\/2020\/10\/privacy-300x133.jpg 300w, https:\/\/phonescanada.com\/wp-content\/uploads\/2020\/10\/privacy-768x340.jpg 768w, https:\/\/phonescanada.com\/wp-content\/uploads\/2020\/10\/privacy-270x119.jpg 270w, https:\/\/phonescanada.com\/wp-content\/uploads\/2020\/10\/privacy.jpg 950w\" sizes=\"(max-width: 600px) 100vw, 600px\" \/>\t\t\t\t\t\t\t\t\t\t\t\t\t\t\t<\/div>\n\t\t\t\t<\/div>\n\t\t\t\t\t<\/div>\n\t\t<\/div>\n\t\t\t\t\t<\/div>\n\t\t<\/section>\n\t\t<div class=\"elementor-element elementor-element-e7067b1 e-flex e-con-boxed e-con e-parent\" data-id=\"e7067b1\" data-element_type=\"container\" data-e-type=\"container\">\n\t\t\t\t\t<div class=\"e-con-inner\">\n\t\t<div class=\"elementor-element elementor-element-1e55e87 e-con-full e-flex e-con e-child\" data-id=\"1e55e87\" data-element_type=\"container\" data-e-type=\"container\">\n\t\t\t\t<div class=\"elementor-element elementor-element-2c790da elementor-widget__width-auto elementor-widget elementor-widget-shortcode\" data-id=\"2c790da\" data-element_type=\"widget\" data-e-type=\"widget\" data-widget_type=\"shortcode.default\">\n\t\t\t\t<div class=\"elementor-widget-container\">\n\t\t\t\t\t\t\t<div class=\"elementor-shortcode\"><\/div>\n\t\t\t\t\t\t<\/div>\n\t\t\t\t<\/div>\n\t\t\t\t<div class=\"elementor-element elementor-element-c93d1d8 elementor-widget elementor-widget-heading\" data-id=\"c93d1d8\" data-element_type=\"widget\" data-e-type=\"widget\" data-widget_type=\"heading.default\">\n\t\t\t\t<div class=\"elementor-widget-container\">\n\t\t\t\t\t<h2 class=\"elementor-heading-title elementor-size-default\">politique de confidentialit\u00e9<\/h2>\t\t\t\t<\/div>\n\t\t\t\t<\/div>\n\t\t\t\t<div class=\"elementor-element elementor-element-d07da55 elementor-widget elementor-widget-text-editor\" data-id=\"d07da55\" data-element_type=\"widget\" data-e-type=\"widget\" data-widget_type=\"text-editor.default\">\n\t\t\t\t<div class=\"elementor-widget-container\">\n\t\t\t\t\t\t\t\t\t<p>Chez Phones Canada, nous respectons votre vie priv\u00e9e et nous nous engageons \u00e0 prot\u00e9ger vos informations personnelles. Cette politique de confidentialit\u00e9 explique quelles donn\u00e9es nous collectons, pourquoi nous les collectons, comment nous les utilisons et les mesures que nous prenons pour les prot\u00e9ger.<\/p><p><strong>Informations que nous collectons<\/strong><\/p><p>Nous collectons certains types d&#039;informations personnelles lorsque vous interagissez avec nous. Cela peut inclure votre nom, votre adresse, votre adresse e-mail et votre num\u00e9ro de t\u00e9l\u00e9phone lorsque vous effectuez un achat ou vous inscrivez \u00e0 notre newsletter. Nous pouvons \u00e9galement collecter des informations de paiement lorsque vous effectuez un achat, mais nous ne stockons pas ces informations au-del\u00e0 de la dur\u00e9e de votre transaction.<\/p><p><strong>Pourquoi nous collectons des informations<\/strong><\/p><p>Nous collectons des informations pour traiter vos commandes, r\u00e9pondre \u00e0 vos demandes et vous fournir des mises \u00e0 jour sur nos derniers produits et services. Cela nous permet de vous offrir une exp\u00e9rience d&#039;achat fluide et un service client personnalis\u00e9.<\/p><p><strong>Comment nous utilisons vos informations<\/strong><\/p><p>Nous utilisons les informations que vous nous fournissez pour ex\u00e9cuter vos commandes, r\u00e9pondre \u00e0 vos demandes et vous envoyer des mises \u00e0 jour sur nos produits et services. Nous utilisons \u00e9galement ces informations pour am\u00e9liorer notre site Web, effectuer des analyses internes et d\u00e9velopper des strat\u00e9gies marketing. Nous ne vendons pas vos informations \u00e0 des tiers \u00e0 des fins de marketing, sauf si vous avez donn\u00e9 votre consentement explicite.<\/p><p><strong>Protection de vos informations<\/strong><\/p><p>Nous prenons la s\u00e9curit\u00e9 de vos informations au s\u00e9rieux. Nous utilisons des mesures de protection administratives, techniques et physiques pour prot\u00e9ger vos informations personnelles contre tout acc\u00e8s, utilisation ou divulgation non autoris\u00e9s. Cela inclut l&#039;utilisation de serveurs s\u00e9curis\u00e9s, de pare-feu et d&#039;une technologie de cryptage pour le stockage et le transfert de vos informations.<\/p><p><strong>Tes droits<\/strong><\/p><p>Vous avez le droit d\u2019acc\u00e9der, de rectifier ou de supprimer vos donn\u00e9es personnelles aupr\u00e8s de nous. Si vous souhaitez exercer ces droits, veuillez nous contacter au <a href=\"mailto:info@phonescanada.com\">info@phonescanada.com<\/a>. Nous r\u00e9pondrons \u00e0 votre demande dans un d\u00e9lai de 5 jours ouvr\u00e9s.<\/p><p><strong>Gestion des donn\u00e9es de l&#039;appareil<\/strong><\/p><p>Si vous vendez ou \u00e9changez un appareil \u00e0 Phones Canada, nous veillons \u00e0 ce que toutes les donn\u00e9es personnelles soient compl\u00e8tement effac\u00e9es de l&#039;appareil conform\u00e9ment aux processus standard d&#039;effacement des donn\u00e9es d&#039;ADISA. Nous utilisons nos propres outils ainsi que les outils NSYS et le logiciel PhoneCheck pour garantir que toutes les donn\u00e9es personnelles sont supprim\u00e9es de l&#039;appareil, garantissant ainsi votre confidentialit\u00e9 et votre s\u00e9curit\u00e9. Veuillez noter qu&#039;il est toujours recommand\u00e9 de sauvegarder et de supprimer toutes les donn\u00e9es personnelles de votre appareil avant de le vendre ou de l&#039;\u00e9changer.<\/p>\t\t\t\t\t\t\t\t<\/div>\n\t\t\t\t<\/div>\n\t\t\t\t<div class=\"elementor-element elementor-element-8f824c4 elementor-widget-divider--view-line elementor-widget elementor-widget-divider\" data-id=\"8f824c4\" data-element_type=\"widget\" data-e-type=\"widget\" data-widget_type=\"divider.default\">\n\t\t\t\t<div class=\"elementor-widget-container\">\n\t\t\t\t\t\t\t<div class=\"elementor-divider\">\n\t\t\t<span class=\"elementor-divider-separator\">\n\t\t\t\t\t\t<\/span>\n\t\t<\/div>\n\t\t\t\t\t\t<\/div>\n\t\t\t\t<\/div>\n\t\t\t\t<div class=\"elementor-element elementor-element-c3aaa38 elementor-widget elementor-widget-text-editor\" data-id=\"c3aaa38\" data-element_type=\"widget\" data-e-type=\"widget\" data-widget_type=\"text-editor.default\">\n\t\t\t\t<div class=\"elementor-widget-container\">\n\t\t\t\t\t\t\t\t\t<p><strong>Derni\u00e8re mise \u00e0 jour le 19\u00a0ao\u00fbt\u00a02023<\/strong><\/p><h4>FAISONS-NOUS DES MISES \u00c0 JOUR \u00c0 CET AVIS\u00a0?<\/h4><p>En bref\u00a0: Oui, nous mettrons \u00e0 jour cet avis si n\u00e9cessaire pour rester en conformit\u00e9 avec les lois en vigueur.<\/p><p>Nous pouvons mettre \u00e0 jour cette politique de temps \u00e0 autre. La version mise \u00e0 jour sera indiqu\u00e9e par une date de mise \u00e0 jour \u00ab R\u00e9vis\u00e9e \u00bb et la version mise \u00e0 jour entrera en vigueur d\u00e8s qu&#039;elle sera accessible. Si nous apportons des modifications importantes \u00e0 cette politique, nous pouvons vous en informer soit en affichant bien en vue un avis de ces modifications, soit en vous envoyant directement une notification. Nous vous encourageons \u00e0 consulter fr\u00e9quemment cet avis de confidentialit\u00e9 pour \u00eatre inform\u00e9 de la mani\u00e8re dont nous prot\u00e9geons vos informations.<\/p><h4>COMMENT POUVEZ-VOUS NOUS CONTACTER AU SUJET DE CET AVIS\u00a0?<\/h4><p>Si vous avez des questions ou des commentaires concernant cet avis, vous pouvez nous envoyer un courriel \u00e0 <a href=\"mailto:info@phonescanada.com\">info@phonescanada.com<\/a> ou par courrier \u00e0 :<\/p><p><span style=\"font-weight: bolder;\">T\u00e9l\u00e9phones Canada<\/span><br \/>6110 Ordan Dr, unit\u00e9 4 Mississauga, ON L6T 2B4, Canada<\/p>\t\t\t\t\t\t\t\t<\/div>\n\t\t\t\t<\/div>\n\t\t\t\t<\/div>\n\t\t\t\t\t<\/div>\n\t\t\t\t<\/div>\n\t\t\t\t<\/div>","protected":false},"excerpt":{"rendered":"<p>Privacy Policy At Phones Canada, we respect your privacy and are committed to protecting your personal information. This Privacy Policy explains what data we collect, why we collect it, how we use it, and the steps we take to protect it. Information We Collect We collect certain types of personal information when you interact with [&hellip;]<\/p>\n","protected":false},"author":9,"featured_media":0,"parent":224559338,"menu_order":2,"comment_status":"closed","ping_status":"closed","template":"","meta":{"footnotes":""},"class_list":["post-31","page","type-page","status-publish","hentry"],"_links":{"self":[{"href":"https:\/\/phonescanada.com\/fr\/wp-json\/wp\/v2\/pages\/31","targetHints":{"allow":["GET"]}}],"collection":[{"href":"https:\/\/phonescanada.com\/fr\/wp-json\/wp\/v2\/pages"}],"about":[{"href":"https:\/\/phonescanada.com\/fr\/wp-json\/wp\/v2\/types\/page"}],"author":[{"embeddable":true,"href":"https:\/\/phonescanada.com\/fr\/wp-json\/wp\/v2\/users\/9"}],"replies":[{"embeddable":true,"href":"https:\/\/phonescanada.com\/fr\/wp-json\/wp\/v2\/comments?post=31"}],"version-history":[{"count":0,"href":"https:\/\/phonescanada.com\/fr\/wp-json\/wp\/v2\/pages\/31\/revisions"}],"up":[{"embeddable":true,"href":"https:\/\/phonescanada.com\/fr\/wp-json\/wp\/v2\/pages\/224559338"}],"wp:attachment":[{"href":"https:\/\/phonescanada.com\/fr\/wp-json\/wp\/v2\/media?parent=31"}],"curies":[{"name":"wp","href":"https:\/\/api.w.org\/{rel}","templated":true}]}}